{"id":6492,"date":"2023-07-19T08:26:55","date_gmt":"2023-07-19T06:26:55","guid":{"rendered":"https:\/\/a1.com\/?page_id=6492"},"modified":"2023-10-09T15:30:25","modified_gmt":"2023-10-09T13:30:25","slug":"aktienruckkauf","status":"publish","type":"page","link":"https:\/\/a1.com\/de\/investor-relations-home\/aktie\/aktienruckkauf\/","title":{"rendered":"Aktienr\u00fcckkauf"},"content":{"rendered":"<div\n\tclass=\"wrapper wrapper__bg-color--white wrapper__spacing-top-large--20 wrapper__spacing-bottom-large--90       wrapper__border-color-large--primary wrapper__border-size-large--none\"\n\t>\n\n\t\n\t\t\t<div class=\"wrapper__container wrapper__container-width-large--default wrapper__gutter-desktop--default wrapper__gutter-tablet--small\">\n\t\t\t<div class=\"wrapper__inner wrapper__width-large--12\">\n\t\t\t\t<div class='block-breadcrumbs'><a href='https:\/\/a1.com\/de\/' class='block-breadcrumbs__home' aria-label='Home link'><\/a><span><a class=\"block-breadcrumbs__link\" href=\" https:\/\/a1.com\/de\/ \">Home<\/a><\/span><\/div>\t\t\t<\/div>\n\t\t<\/div>\n\t<\/div>\n\n\n<div\n\tclass=\"wrapper wrapper__bg-color--white  wrapper__spacing-bottom-large--40       wrapper__border-color-large--primary wrapper__border-size-large--none\"\n\t>\n\n\t\n\t\t\t<div class=\"wrapper__container wrapper__container-width-large--default wrapper__gutter-desktop--default wrapper__gutter-tablet--small\">\n\t\t\t<div class=\"wrapper__inner wrapper__width-large--8 wrapper__width-mobile--12 wrapper__offset-large--2 wrapper__offset-mobile--0\">\n\t\t\t\t<h2 class=\"heading heading__color--black heading__size--large heading__align--left heading__font-family--serif heading__font-weight--bold block-heading__heading\">\n\tAktienr\u00fcckkauf<\/h2>\t\t\t<\/div>\n\t\t<\/div>\n\t<\/div>\n\n\n<div\n\tclass=\"wrapper wrapper__bg-color--white  wrapper__spacing-bottom-large--40       wrapper__border-color-large--primary wrapper__border-size-large--none\"\n\t>\n\n\t\n\t\t\t<div class=\"wrapper__container wrapper__container-width-large--default wrapper__gutter-desktop--default wrapper__gutter-tablet--small\">\n\t\t\t<div class=\"wrapper__inner wrapper__width-large--8 wrapper__width-mobile--12 wrapper__offset-large--2 wrapper__offset-mobile--0\">\n\t\t\t\t<p class=\"paragraph paragraph__color--black paragraph__size--default-constant paragraph__align--left paragraph__font-family--sans block-paragraph__paragraph\">\n\tAktienr\u00fcckkauf ist die M\u00f6glichkeit, Aktien der eigenen Gesellschaft zu erwerben. Der Aktienr\u00fcckkauf muss von der Hauptversammlung genehmigt werden.<br><br><strong>29. Mai 2013, Bericht \u00fcber den Aktienr\u00fcckkauf<\/strong><br>Bei der ordentlichen Hauptversammlung, die am 29. Mai 2013 stattgefunden hat, wurde die bis dahin geltende Erm\u00e4chtigung zum Aktienr\u00fcckkauf aus dem Jahre 2012 widerrufen und folgende neue Erm\u00e4chtigung von der Hauptversammlung genehmigt:<br>&#8211; Aktienr\u00fcckkauf im Ausma\u00df von bis zu 5% des Grundkapitals<br>&#8211; Preisspanne: EUR 5 bis EUR 15 pro Aktie<br>&#8211; Dauer der Erm\u00e4chtigung durch die Hauptversammlung: bis 28. November 2014<\/p>\t\t\t<\/div>\n\t\t<\/div>\n\t<\/div>\n\n\n<div\n\tclass=\"wrapper wrapper__bg-color--white  wrapper__spacing-bottom-large--40       wrapper__border-color-large--primary wrapper__border-size-large--none\"\n\t>\n\n\t\n\t\t\t<div class=\"wrapper__container wrapper__container-width-large--default wrapper__gutter-desktop--default wrapper__gutter-tablet--small\">\n\t\t\t<div class=\"wrapper__inner wrapper__width-large--8 wrapper__width-mobile--12 wrapper__offset-large--2 wrapper__offset-mobile--0\">\n\t\t\t\t<div class=\"block-lists__lists\">\n\t<h3 class=\"heading heading__color--black heading__size--tiny-constant heading__align--left heading__font-family--sans heading__font-weight--bold lists__headline\">\n\tVerwendung der erworbenen Aktien<\/h3>\n\t<ul class=\"lists lists__color--black lists__size--large lists__align--left\">\n\t\t<li>ls Gegenleistung f\u00fcr Unternehmensakquisitionen<\/li><li>Zur Bedienung von Aktienoptionen und Mitarbeiterbeteiligungsmethoden<\/li><li>Ver\u00e4u\u00dferung jederzeit \u00fcber die B\u00f6rse oder durch ein \u00f6ffentliches Angebot; weiters f\u00fcr die Dauer von 5 Jahren ab Beschlussfassung auf jede andere gesetzlich zul\u00e4ssige Art, auch au\u00dferb\u00f6rslich, wobei der Vorstand auch \u00fcber den Ausschluss der allgemeinen Kaufm\u00f6glichkeit entscheiden kann<\/li>\t<\/ul>\n<\/div>\t\t\t<\/div>\n\t\t<\/div>\n\t<\/div>\n\n\n<div\n\tclass=\"wrapper wrapper__bg-color--white  wrapper__spacing-bottom-large--40       wrapper__border-color-large--primary wrapper__border-size-large--none\"\n\t>\n\n\t\n\t\t\t<div class=\"wrapper__container wrapper__container-width-large--default wrapper__gutter-desktop--default wrapper__gutter-tablet--small\">\n\t\t\t<div class=\"wrapper__inner wrapper__width-large--8 wrapper__width-mobile--12 wrapper__offset-large--2 wrapper__offset-mobile--0\">\n\t\t\t\t<p class=\"paragraph paragraph__color--black paragraph__size--default-constant paragraph__align--left paragraph__font-family--sans block-paragraph__paragraph\">\n\tAngaben \u00fcber die r\u00fcckgekauften Aktien werden hier ver\u00f6ffentlicht.<br><br><a href=\"https:\/\/a1.com\/wp-content\/uploads\/sites\/6\/2023\/10\/aktienrueckkauf-1.xls\">Darstellung der R\u00fcckk\u00e4ufe als XLS-Dokument<\/a><br><a href=\"https:\/\/a1.com\/wp-content\/uploads\/sites\/6\/2023\/10\/hv2013-Beschlussergebnisse-1.pdf\">Beschluss des Vorstandes vom 29. Mai 2013 zur Einziehung eigener Aktien\u00a0PDF (0.26 MB)<\/a><br><a href=\"https:\/\/a1.com\/wp-content\/uploads\/sites\/6\/2023\/10\/hv2012_Beschlussergebnisse-1.pdf\">Beschluss des Vorstandes vom 23. Mai 2012 zur Einziehung eigener Aktien\u00a0PDF (0.07 MB)<\/a><br><a href=\"https:\/\/a1.com\/wp-content\/uploads\/sites\/6\/2023\/10\/hv-2011-Beschlussergebnisse-1.pdf\">Beschluss des Vorstandes vom 19. Mai 2011 zur Einziehung eigener Aktien\u00a0PDF (0.06 MB)<\/a><br><a href=\"https:\/\/a1.com\/wp-content\/uploads\/sites\/6\/2023\/10\/Aktie_31082009-1.pdf\">Beschluss des Vorstandes vom 19. August 2009 zur Einziehung eigener Aktien\u00a0PDF (0.02 MB)<\/a><br><a href=\"https:\/\/a1.com\/wp-content\/uploads\/sites\/6\/2023\/10\/beschluss-31052007-1.pdf\">Beschluss des Vorstands vom 31. Mai 2007 von der modifizierten Erm\u00e4chtigung zum Aktienr\u00fcckkauf Gebrauch zu machen\u00a0PDF (0.02 MB)<\/a><br><a href=\"https:\/\/a1.com\/wp-content\/uploads\/sites\/6\/2023\/10\/beschluss-1903-2007-1.pdf\">Beschluss des Vorstandes vom 19. M\u00e4rz 2007 zur Einziehung eigener Aktien\u00a0PDF (0.02 MB)<\/a><br><a href=\"https:\/\/a1.com\/wp-content\/uploads\/sites\/6\/2023\/10\/beschluss-0822-2006-1.pdf\">Beschluss des Vorstands vom 23. August 2006 von der modifizierten Erm\u00e4chtigung zum Aktienr\u00fcckkauf Gebrauch zu machen\u00a0PDF (0.02 MB)<\/a><br><a href=\"https:\/\/a1.com\/wp-content\/uploads\/sites\/6\/2023\/10\/hv-06-rueckkaufprogramm-1.pdf\">Beschluss des Vorstands vom 23. Mai 2006 von der Erm\u00e4chtigung zum Aktienr\u00fcckkauf Gebrauch zu machen\u00a0PDF (0.02 MB)<\/a><br><a href=\"https:\/\/a1.com\/wp-content\/uploads\/sites\/6\/2023\/10\/aktienrueckkauf_para_6_5-1.pdf\">Ge\u00e4nderte Erm\u00e4chtigung der Hauptversammlung vom 3. Juni 2004 zum Aktienr\u00fcckkauf\u00a0PDF (0.08 MB)<\/a><br><a href=\"https:\/\/a1.com\/wp-content\/uploads\/sites\/6\/2023\/10\/aktienrueckkauf_para_4_5_2004-1.pdf\">Beschluss des Vorstands vom 24. M\u00e4rz 2004 von der Erm\u00e4chtigung zum Aktienr\u00fcckkauf Gebrauch zu machen\u00a0PDF (0.06 MB)<\/a><br><a href=\"https:\/\/a1.com\/wp-content\/uploads\/sites\/6\/2023\/10\/sharebuyback_para_4_5_2004-1.pdf\">Resolution of the Management Board of March 24, 2004 to act on the authorization to buyback shares\u00a0PDF (0.06 MB)<\/a><\/p>\t\t\t<\/div>\n\t\t<\/div>\n\t<\/div>\n\n\n<div\n\tclass=\"wrapper wrapper__bg-color--white  wrapper__spacing-bottom-large--0 wrapper__spacing-top-in-large--40      wrapper__border-color-large--primary wrapper__border-size-large--none\"\n\t>\n\n\t\n\t\t\t<div class=\"wrapper__container wrapper__container-width-large--default wrapper__gutter-desktop--default wrapper__gutter-tablet--small\">\n\t\t\t<div class=\"wrapper__inner wrapper__width-large--8 wrapper__width-mobile--12 wrapper__offset-large--2 wrapper__offset-mobile--0\">\n\t\t\t\t<p class=\"paragraph paragraph__color--black paragraph__size--default-constant paragraph__align--left paragraph__font-family--sans block-paragraph__paragraph\">\n\t<strong>R\u00fcckkauf im Zuge des Aktienoptions-Programms am 27. Februar 2004<\/strong>Bereits am 27. Februar 2004 wurden zu Bedienung von Aktienoptionen erstmal Aktien im Ausmass von 0,67% des Aktienkapitals zur\u00fcckgekauft.<br><br>Ad-hoc Meldung \u00fcber die R\u00fcckkaufabsicht vom 20.02.2004:<\/p>\t\t\t<\/div>\n\t\t<\/div>\n\t<\/div>\n\n\n<div\n\tclass=\"wrapper wrapper__bg-color--white  wrapper__spacing-bottom-large--40  wrapper__spacing-bottom-in-large--120     wrapper__border-color-large--primary wrapper__border-size-large--none\"\n\t>\n\n\t\n\t\t\t<div class=\"wrapper__container wrapper__container-width-large--default wrapper__gutter-desktop--default wrapper__gutter-tablet--small\">\n\t\t\t<div class=\"wrapper__inner wrapper__width-large--8 wrapper__width-mobile--12 wrapper__offset-large--2 wrapper__offset-mobile--0\">\n\t\t\t\t<p class=\"paragraph paragraph__color--black paragraph__size--default-constant paragraph__align--left paragraph__font-family--sans block-paragraph__paragraph\">\n\t<a href=\"https:\/\/a1.com\/wp-content\/uploads\/sites\/6\/2023\/10\/aktienrueckkauf_para_7-1.pdf\">Bericht \u00fcber den get\u00e4tigten R\u00fcckkauf, gem\u00e4\u00df \u00a7 7 Ver\u00f6ffentlichungsverordnung 2002\u00a0PDF (0.05 MB)<\/a><br><a href=\"https:\/\/a1.com\/wp-content\/uploads\/sites\/6\/2023\/10\/hv_04_bericht_para65-1.pdf\">Bericht gem. \u00a7 65 Abs. 3 AktG an die Hauptversammlung vom 3. Juni 2004 \u00fcber r\u00fcckgekaufte Aktien\u00a0PDF (0.02 MB)<\/a><br><a href=\"https:\/\/a1.com\/wp-content\/uploads\/sites\/6\/2023\/10\/hv-05-bericht-para65-1.pdf\">Bericht gem. \u00a7 65 Abs. 3 AktG an die Hauptversammlung vom 25. Mai 2005 \u00fcber r\u00fcckgekaufte Aktien\u00a0PDF (0.05 MB)<\/a><br><a href=\"https:\/\/a1.com\/wp-content\/uploads\/sites\/6\/2023\/10\/hv-06-bericht-aktienrueckkauf-1.pdf\">Bericht gem. \u00a7 65 Abs. 3 AktG an die Hauptversammlung vom 23. Mai 2006 \u00fcber r\u00fcckgekaufte Aktien\u00a0PDF (0.02 MB)<\/a><\/p>\t\t\t<\/div>\n\t\t<\/div>\n\t<\/div>\n\n\n<div\n\tclass=\"wrapper wrapper__bg-color--white  wrapper__spacing-bottom-large--0       wrapper__border-color-large--primary wrapper__border-size-large--none\"\n\t>\n\n\t\n\t\t\t<div class=\"wrapper__container wrapper__container-width-large--default wrapper__gutter-desktop--default wrapper__gutter-tablet--small\">\n\t\t\t<div class=\"wrapper__inner wrapper__width-large--12 wrapper__offset-large--0\">\n\t\t\t\t\n<div class=\"block-group block-group__border-color-large--primary block-group__border-size-large--none block-group__gutter--none\">\n\t\n<div\n\tclass=\"wrapper wrapper__bg-color--white  wrapper__spacing-bottom-large--40    wrapper__divider-bottom-large   wrapper__border-color-large--primary wrapper__border-size-large--none\"\n\t>\n\n\t\n\t\t\t<h2 class=\"heading heading__color--black heading__size--default heading__align--left heading__font-family--serif heading__font-weight--bold block-heading__heading\">\n\tDiscover more<\/h2>\t<\/div>\n\n\n<div\n\tclass=\"wrapper wrapper__bg-color--white  wrapper__spacing-bottom-large--0  wrapper__spacing-bottom-in-large--0     wrapper__border-color-large--primary wrapper__border-size-large--none\"\n\t>\n\n\t\n\t\t\t\n<div class=\"block-columns block-columns__gutter-large--10 block-columns__vertical-spacing-large--30\">\n\t\n\n<div class=\"block-column block-column__width-large--4     block-column__border-color-large--primary block-column__border-size-large--none block-column__no-left-gutter-large\">\n\t\n<div\n\tclass=\"wrapper wrapper__bg-color--white  wrapper__spacing-bottom-large--40       wrapper__border-color-large--primary wrapper__border-size-large--none\"\n\t>\n\n\t\n\t\t\t<div class=\"card-rounded card-rounded__color--fairPink  block-card-rounded__card-rounded\">\n\t<div class=\"image-wrap card-rounded__image-wrap\" data-align=\"center center\">\n\n\t\t\t<div\n\t\t\tstyle=\"background-image:url(https:\/\/a1.com\/wp-content\/uploads\/sites\/6\/2023\/05\/Map.jpg.jpg)\"\n\t\t\tclass=\"image image--bg image__rounded-corners--none card-rounded__image\">\n\t\t<\/div>\n\t\n\t<\/div>\n\t<div class=\"card-rounded__content\">\n\t\t<h5 class=\"heading heading__color--black heading__size--small heading__align--left heading__font-family--sans heading__font-weight--regular card-rounded__heading\">\n\tA1 Group Investor Relations<\/h5><p class=\"paragraph paragraph__color--black paragraph__size--default paragraph__align--left paragraph__font-family--sans card-rounded__paragraph\">\n\tFakten zur A1 Group<\/p><div class=\"link-wrap link-wrap__align--left card-rounded__link-wrap\">\n\t\t\t<a\n\t\t\thref=\"https:\/\/a1.com\/de\/investor-relations-home\/\"\n\t\t\tclass=\"link link__color--primary link__size--default link__icon-position--right link__font-family--sans  card-rounded__link\"\n\t\t\tid=\"\"\n\t\t\ttitle=\"Investor Relations\"\n\t\t\taria-label=\"\"\n\t\t\t\t\t>\n\t\t\t<i class=\"icon icon  icon__chevron-right link__icon\">\n\t<svg xmlns='http:\/\/www.w3.org\/2000\/svg' width='24' height='24' viewBox='0 0 24 24'><path d='m9.938 17.25-1.126-1.125 4.125-4.124-4.124-4.126L9.937 6.75l5.25 5.252-5.25 5.248Z' fill='currentColor' \/><\/svg><\/i>\t\t\t<span class=\"link__content\">Investor Relations<\/span>\n\t\t<\/a>\n\t<\/div>\t<\/div>\n<\/div>\t<\/div>\n\n<\/div>\n\n\n\n<div class=\"block-column block-column__width-large--4     block-column__border-color-large--primary block-column__border-size-large--none block-column__no-left-gutter-large\">\n\t\n<div\n\tclass=\"wrapper wrapper__bg-color--white  wrapper__spacing-bottom-large--40       wrapper__border-color-large--primary wrapper__border-size-large--none\"\n\t>\n\n\t\n\t\t\t<div class=\"card-rounded card-rounded__color--catskill  block-card-rounded__card-rounded\">\n\t<div class=\"image-wrap card-rounded__image-wrap\" data-align=\"center center\">\n\n\t\t\t<div\n\t\t\tstyle=\"background-image:url(https:\/\/a1.com\/wp-content\/uploads\/sites\/6\/2023\/06\/discovermore-ir-ergebniscenter-1321402517-Kopie.jpg)\"\n\t\t\tclass=\"image image--bg image__rounded-corners--none card-rounded__image\">\n\t\t<\/div>\n\t\n\t<\/div>\n\t<div class=\"card-rounded__content\">\n\t\t<h5 class=\"heading heading__color--black heading__size--small heading__align--left heading__font-family--sans heading__font-weight--regular card-rounded__heading\">\n\tKapitalmarktpublikationen<\/h5><p class=\"paragraph paragraph__color--black paragraph__size--default paragraph__align--left paragraph__font-family--sans card-rounded__paragraph\">\n\tHier finden Sie \u00fcbersichtlich die wichtigsten Berichte und Materialien<\/p><div class=\"link-wrap link-wrap__align--left card-rounded__link-wrap\">\n\t\t\t<a\n\t\t\thref=\"https:\/\/a1.com\/de\/investor-relations-home\/ergebnis-center\/\"\n\t\t\tclass=\"link link__color--primary link__size--default link__icon-position--right link__font-family--sans  card-rounded__link\"\n\t\t\tid=\"\"\n\t\t\ttitle=\"Ergebnis Center\"\n\t\t\taria-label=\"\"\n\t\t\t\t\t>\n\t\t\t<i class=\"icon icon  icon__chevron-right link__icon\">\n\t<svg xmlns='http:\/\/www.w3.org\/2000\/svg' width='24' height='24' viewBox='0 0 24 24'><path d='m9.938 17.25-1.126-1.125 4.125-4.124-4.124-4.126L9.937 6.75l5.25 5.252-5.25 5.248Z' fill='currentColor' \/><\/svg><\/i>\t\t\t<span class=\"link__content\">Ergebnis Center<\/span>\n\t\t<\/a>\n\t<\/div>\t<\/div>\n<\/div>\t<\/div>\n\n<\/div>\n\n\n\n<div class=\"block-column block-column__width-large--4     block-column__border-color-large--primary block-column__border-size-large--none block-column__no-left-gutter-large\">\n\t\n<div\n\tclass=\"wrapper wrapper__bg-color--white  wrapper__spacing-bottom-large--40       wrapper__border-color-large--primary wrapper__border-size-large--none\"\n\t>\n\n\t\n\t\t\t<div class=\"card-rounded card-rounded__color--concrete  block-card-rounded__card-rounded\">\n\t<div class=\"image-wrap card-rounded__image-wrap\" data-align=\"center center\">\n\n\t\t\t<div\n\t\t\tstyle=\"background-image:url(https:\/\/a1.com\/wp-content\/uploads\/sites\/6\/2023\/05\/zac-ong-sZSOJQWj0EM-unsplash-scaled.jpg)\"\n\t\t\tclass=\"image image--bg image__rounded-corners--none card-rounded__image\">\n\t\t<\/div>\n\t\n\t<\/div>\n\t<div class=\"card-rounded__content\">\n\t\t<h5 class=\"heading heading__color--black heading__size--small heading__align--left heading__font-family--sans heading__font-weight--regular card-rounded__heading\">\n\tMore than Connectivity<\/h5><p class=\"paragraph paragraph__color--black paragraph__size--default paragraph__align--left paragraph__font-family--sans card-rounded__paragraph\">\n\tUnsere Vision zielt auf einen \u00fcberzeugenden Nutzen und ein positives \u201eErlebnis\u201c f\u00fcr die Kund:innen sowie f\u00fcr die Gesellschaft ab. Die Basis daf\u00fcr bilden die digitale Infrastruktur und die Services der A1 Group.\u00a0<\/p><div class=\"link-wrap link-wrap__align--left card-rounded__link-wrap\">\n\t\t\t<a\n\t\t\thref=\"https:\/\/a1.com\/de\/group\/strategie\/\"\n\t\t\tclass=\"link link__color--primary link__size--default link__icon-position--right link__font-family--sans  card-rounded__link\"\n\t\t\tid=\"\"\n\t\t\ttitle=\"Strategie\"\n\t\t\taria-label=\"\"\n\t\t\t\t\t>\n\t\t\t<i class=\"icon icon  icon__chevron-right link__icon\">\n\t<svg xmlns='http:\/\/www.w3.org\/2000\/svg' width='24' height='24' viewBox='0 0 24 24'><path d='m9.938 17.25-1.126-1.125 4.125-4.124-4.124-4.126L9.937 6.75l5.25 5.252-5.25 5.248Z' fill='currentColor' \/><\/svg><\/i>\t\t\t<span class=\"link__content\">Strategie<\/span>\n\t\t<\/a>\n\t<\/div>\t<\/div>\n<\/div>\t<\/div>\n\n<\/div>\n\n<\/div>\n\t<\/div>\n\n<\/div>\n\t\t\t<\/div>\n\t\t<\/div>\n\t<\/div>\n","protected":false},"excerpt":{"rendered":"","protected":false},"author":3,"featured_media":0,"parent":3867,"menu_order":0,"comment_status":"closed","ping_status":"closed","template":"","meta":{"_acf_changed":false,"footnotes":""},"departments":[18],"class_list":["post-6492","page","type-page","status-publish","hentry","department-investor-relations"],"acf":[],"yoast_head":"<!-- This site is optimized with the Yoast SEO plugin v27.4 - https:\/\/yoast.com\/product\/yoast-seo-wordpress\/ -->\n<title>Aktienr\u00fcckkauf - A1 Group<\/title>\n<meta name=\"robots\" content=\"index, follow, max-snippet:-1, max-image-preview:large, max-video-preview:-1\" \/>\n<link rel=\"canonical\" href=\"https:\/\/a1.com\/de\/investor-relations-home\/aktie\/aktienruckkauf\/\" \/>\n<meta property=\"og:locale\" content=\"de_DE\" \/>\n<meta property=\"og:type\" content=\"article\" \/>\n<meta property=\"og:title\" content=\"Aktienr\u00fcckkauf - A1 Group\" \/>\n<meta property=\"og:url\" content=\"https:\/\/a1.com\/de\/investor-relations-home\/aktie\/aktienruckkauf\/\" \/>\n<meta property=\"og:site_name\" content=\"A1 Group\" \/>\n<meta property=\"article:modified_time\" content=\"2023-10-09T13:30:25+00:00\" \/>\n<meta name=\"twitter:card\" content=\"summary_large_image\" \/>\n<script type=\"application\/ld+json\" class=\"yoast-schema-graph\">{\"@context\":\"https:\\\/\\\/schema.org\",\"@graph\":[{\"@type\":\"WebPage\",\"@id\":\"https:\\\/\\\/a1.com\\\/de\\\/investor-relations-home\\\/aktie\\\/aktienruckkauf\\\/\",\"url\":\"https:\\\/\\\/a1.com\\\/de\\\/investor-relations-home\\\/aktie\\\/aktienruckkauf\\\/\",\"name\":\"Aktienr\u00fcckkauf - A1 Group\",\"isPartOf\":{\"@id\":\"https:\\\/\\\/a1.com\\\/#website\"},\"datePublished\":\"2023-07-19T06:26:55+00:00\",\"dateModified\":\"2023-10-09T13:30:25+00:00\",\"breadcrumb\":{\"@id\":\"https:\\\/\\\/a1.com\\\/de\\\/investor-relations-home\\\/aktie\\\/aktienruckkauf\\\/#breadcrumb\"},\"inLanguage\":\"de-DE\",\"potentialAction\":[{\"@type\":\"ReadAction\",\"target\":[\"https:\\\/\\\/a1.com\\\/de\\\/investor-relations-home\\\/aktie\\\/aktienruckkauf\\\/\"]}]},{\"@type\":\"BreadcrumbList\",\"@id\":\"https:\\\/\\\/a1.com\\\/de\\\/investor-relations-home\\\/aktie\\\/aktienruckkauf\\\/#breadcrumb\",\"itemListElement\":[{\"@type\":\"ListItem\",\"position\":1,\"name\":\"Home\",\"item\":\"https:\\\/\\\/a1.com\\\/de\\\/\"},{\"@type\":\"ListItem\",\"position\":2,\"name\":\"Investor Relations\",\"item\":\"https:\\\/\\\/a1.com\\\/de\\\/investor-relations-home\\\/\"},{\"@type\":\"ListItem\",\"position\":3,\"name\":\"Aktie\",\"item\":\"https:\\\/\\\/a1.com\\\/de\\\/investor-relations-home\\\/aktie\\\/\"},{\"@type\":\"ListItem\",\"position\":4,\"name\":\"Aktienr\u00fcckkauf\"}]},{\"@type\":\"WebSite\",\"@id\":\"https:\\\/\\\/a1.com\\\/#website\",\"url\":\"https:\\\/\\\/a1.com\\\/\",\"name\":\"A1 Group\",\"description\":\"\",\"potentialAction\":[{\"@type\":\"SearchAction\",\"target\":{\"@type\":\"EntryPoint\",\"urlTemplate\":\"https:\\\/\\\/a1.com\\\/?s={search_term_string}\"},\"query-input\":{\"@type\":\"PropertyValueSpecification\",\"valueRequired\":true,\"valueName\":\"search_term_string\"}}],\"inLanguage\":\"de-DE\"}]}<\/script>\n<!-- \/ Yoast SEO plugin. -->","yoast_head_json":{"title":"Aktienr\u00fcckkauf - A1 Group","robots":{"index":"index","follow":"follow","max-snippet":"max-snippet:-1","max-image-preview":"max-image-preview:large","max-video-preview":"max-video-preview:-1"},"canonical":"https:\/\/a1.com\/de\/investor-relations-home\/aktie\/aktienruckkauf\/","og_locale":"de_DE","og_type":"article","og_title":"Aktienr\u00fcckkauf - A1 Group","og_url":"https:\/\/a1.com\/de\/investor-relations-home\/aktie\/aktienruckkauf\/","og_site_name":"A1 Group","article_modified_time":"2023-10-09T13:30:25+00:00","twitter_card":"summary_large_image","schema":{"@context":"https:\/\/schema.org","@graph":[{"@type":"WebPage","@id":"https:\/\/a1.com\/de\/investor-relations-home\/aktie\/aktienruckkauf\/","url":"https:\/\/a1.com\/de\/investor-relations-home\/aktie\/aktienruckkauf\/","name":"Aktienr\u00fcckkauf - A1 Group","isPartOf":{"@id":"https:\/\/a1.com\/#website"},"datePublished":"2023-07-19T06:26:55+00:00","dateModified":"2023-10-09T13:30:25+00:00","breadcrumb":{"@id":"https:\/\/a1.com\/de\/investor-relations-home\/aktie\/aktienruckkauf\/#breadcrumb"},"inLanguage":"de-DE","potentialAction":[{"@type":"ReadAction","target":["https:\/\/a1.com\/de\/investor-relations-home\/aktie\/aktienruckkauf\/"]}]},{"@type":"BreadcrumbList","@id":"https:\/\/a1.com\/de\/investor-relations-home\/aktie\/aktienruckkauf\/#breadcrumb","itemListElement":[{"@type":"ListItem","position":1,"name":"Home","item":"https:\/\/a1.com\/de\/"},{"@type":"ListItem","position":2,"name":"Investor Relations","item":"https:\/\/a1.com\/de\/investor-relations-home\/"},{"@type":"ListItem","position":3,"name":"Aktie","item":"https:\/\/a1.com\/de\/investor-relations-home\/aktie\/"},{"@type":"ListItem","position":4,"name":"Aktienr\u00fcckkauf"}]},{"@type":"WebSite","@id":"https:\/\/a1.com\/#website","url":"https:\/\/a1.com\/","name":"A1 Group","description":"","potentialAction":[{"@type":"SearchAction","target":{"@type":"EntryPoint","urlTemplate":"https:\/\/a1.com\/?s={search_term_string}"},"query-input":{"@type":"PropertyValueSpecification","valueRequired":true,"valueName":"search_term_string"}}],"inLanguage":"de-DE"}]}},"_links":{"self":[{"href":"https:\/\/a1.com\/de\/wp-json\/wp\/v2\/pages\/6492","targetHints":{"allow":["GET"]}}],"collection":[{"href":"https:\/\/a1.com\/de\/wp-json\/wp\/v2\/pages"}],"about":[{"href":"https:\/\/a1.com\/de\/wp-json\/wp\/v2\/types\/page"}],"author":[{"embeddable":true,"href":"https:\/\/a1.com\/de\/wp-json\/wp\/v2\/users\/3"}],"replies":[{"embeddable":true,"href":"https:\/\/a1.com\/de\/wp-json\/wp\/v2\/comments?post=6492"}],"version-history":[{"count":4,"href":"https:\/\/a1.com\/de\/wp-json\/wp\/v2\/pages\/6492\/revisions"}],"predecessor-version":[{"id":11808,"href":"https:\/\/a1.com\/de\/wp-json\/wp\/v2\/pages\/6492\/revisions\/11808"}],"up":[{"embeddable":true,"href":"https:\/\/a1.com\/de\/wp-json\/wp\/v2\/pages\/3867"}],"wp:attachment":[{"href":"https:\/\/a1.com\/de\/wp-json\/wp\/v2\/media?parent=6492"}],"wp:term":[{"taxonomy":"department","embeddable":true,"href":"https:\/\/a1.com\/de\/wp-json\/wp\/v2\/departments?post=6492"}],"curies":[{"name":"wp","href":"https:\/\/api.w.org\/{rel}","templated":true}]}}