{"id":3830,"date":"2023-03-29T12:05:17","date_gmt":"2023-03-29T10:05:17","guid":{"rendered":"https:\/\/a1.com\/?page_id=3830"},"modified":"2025-11-25T16:28:07","modified_gmt":"2025-11-25T15:28:07","slug":"impressum","status":"publish","type":"page","link":"https:\/\/a1.com\/de\/impressum\/","title":{"rendered":"Impressum"},"content":{"rendered":"<div\n\tclass=\"wrapper wrapper__bg-color--white wrapper__spacing-top-large--20 wrapper__spacing-bottom-large--40       wrapper__border-color-large--primary wrapper__border-size-large--none\"\n\t>\n\n\t\n\t\t\t<div class=\"wrapper__container wrapper__container-width-large--default wrapper__gutter-desktop--default wrapper__gutter-tablet--small\">\n\t\t\t<div class=\"wrapper__inner wrapper__width-large--12\">\n\t\t\t\t<div class='block-breadcrumbs'><a href='https:\/\/a1.com\/de\/' class='block-breadcrumbs__home' aria-label='Home link'><\/a><span><a class=\"block-breadcrumbs__link\" href=\" https:\/\/a1.com\/de\/ \">Home<\/a><\/span><\/div>\t\t\t<\/div>\n\t\t<\/div>\n\t<\/div>\n\n\n<div\n\tclass=\"wrapper wrapper__bg-color--white wrapper__spacing-top-large--60 wrapper__spacing-bottom-large--40       wrapper__border-color-large--primary wrapper__border-size-large--none\"\n\t>\n\n\t\n\t\t\t<div class=\"wrapper__container wrapper__container-width-large--default wrapper__gutter-desktop--default wrapper__gutter-tablet--small\">\n\t\t\t<div class=\"wrapper__inner wrapper__width-large--8 wrapper__width-mobile--12 wrapper__offset-large--2 wrapper__offset-mobile--0\">\n\t\t\t\t<h2 class=\"heading heading__color--black heading__size--default heading__align--left heading__font-family--serif heading__font-weight--bold block-heading__heading\">\n\tImpressum<\/h2>\t\t\t<\/div>\n\t\t<\/div>\n\t<\/div>\n\n\n<div\n\tclass=\"wrapper wrapper__bg-color--white  wrapper__spacing-bottom-large--120       wrapper__border-color-large--primary wrapper__border-size-large--none\"\n\t>\n\n\t\n\t\t\t<div class=\"wrapper__container wrapper__container-width-large--default wrapper__gutter-desktop--default wrapper__gutter-tablet--small\">\n\t\t\t<div class=\"wrapper__inner wrapper__width-large--8 wrapper__width-mobile--12 wrapper__offset-large--2 wrapper__offset-mobile--0\">\n\t\t\t\t<p class=\"paragraph paragraph__color--black paragraph__size--default paragraph__align--left paragraph__font-family--sans block-paragraph__paragraph\">\n\t<strong>Telekom Austria AG<\/strong><br>Lassallestra\u00dfe 9<br>A-1020 Wien<br><a href=\"https:\/\/www.google.de\/maps\/dir\/\/Lassallestra%C3%9Fe+9,+1020+Wien\/@48.2239902,16.3931271,16z\/data=!4m8!4m7!1m0!1m5!1m1!1s0x476d0744f899563d:0x2fd9aaa671de5aa6!2m2!1d16.398277!2d48.2239903?entry=ttu\" target=\"_blank\" rel=\"noreferrer noopener\">Anfahrtsplan zur Unternehmenszentrale<br><\/a><br><a href=\"tel:0506640\" target=\"_blank\" rel=\"noreferrer noopener\">National: 050 664 0<\/a><br><a href=\"tel:+43506640\" target=\"_blank\" rel=\"noreferrer noopener\">International: (+43) 50 664 0<\/a><br><a href=\"tel:0800100109\" target=\"_blank\" rel=\"noreferrer noopener\">0800 100 109<\/a><br><a href=\"https:\/\/www.a1.com\/\">www.a1.com<\/a><br><br>Firmenbuchnummer: 144477t<br>Firmenbuchgericht: Handelsgericht Wien<br>Umsatzsteuer-ID: ATU 40198200<br><br>Aufsichtsbeh\u00f6rde: Magistrat der Stadt Wien<br>Kammerzugeh\u00f6rigkeit:\u00a0Wirtschaftskammer Wien\u00a0(Fachvertretung f\u00fcr Telekommunikations- und Rundfunkunternehmen)<br>Gewerberechtliche Vorschriften: Gewerbeordnung \u2013 GewO (siehe <a href=\"https:\/\/eur04.safelinks.protection.outlook.com\/?url=https%3A%2F%2Fwww.ris.bka.gv.at%2F&amp;data=05%7C02%7CMaximilian.Rabl%40A1.group%7C9fdb58c9d9564cc3881708de0feaaaa0%7C26a1e041d3a24d59a14aacaedd98e798%7C0%7C0%7C638965697714287700%7CUnknown%7CTWFpbGZsb3d8eyJFbXB0eU1hcGkiOnRydWUsIlYiOiIwLjAuMDAwMCIsIlAiOiJXaW4zMiIsIkFOIjoiTWFpbCIsIldUIjoyfQ%3D%3D%7C0%7C%7C%7C&amp;sdata=sOG8IqQVXh3%2Fs9sC0FviyxYOfI05DU4Z0h7%2BmiNdsug%3D&amp;reserved=0\">https:\/\/www.ris.bka.gv.at\/<\/a>)<br><br>Unternehmensgegenstand:<br>Beteiligung an Unternehmen, Verwaltung und Ver\u00e4u\u00dferung solcher Beteiligungen, Betrieb und Bereitstellung von Telekommunikationsnetzen und -diensten einschlie\u00dflich Mobilkommunikation und Festnetz, Erwerb von Lizenzen, Vertrieb von Endger\u00e4ten sowie Erbringung damit verbundener Leistungen, direkt oder \u00fcber Tochtergesellschaften.<br>\u00a0<br>Haftungsausschluss:<br>Die bereitgestellten Informationen auf dieser Website wurden mit gr\u00f6\u00dftm\u00f6glicher Sorgfalt erstellt und dienen ausschlie\u00dflich allgemeinen Informationszwecken. Die Telekom Austria AG \u00fcbernimmt keine Haftung f\u00fcr die Richtigkeit, Vollst\u00e4ndigkeit und Aktualit\u00e4t der bereitgestellten Inhalte. Ebenso wird keine Haftung f\u00fcr Inhalte externer Websites \u00fcbernommen, auf die \u00fcber Links verwiesen wird.<\/p>\t\t\t<\/div>\n\t\t<\/div>\n\t<\/div>\n","protected":false},"excerpt":{"rendered":"","protected":false},"author":3,"featured_media":0,"parent":0,"menu_order":0,"comment_status":"closed","ping_status":"closed","template":"","meta":{"_acf_changed":false,"footnotes":""},"departments":[20],"class_list":["post-3830","page","type-page","status-publish","hentry","department-group"],"acf":[],"yoast_head":"<!-- This site is optimized with the Yoast SEO plugin v27.4 - https:\/\/yoast.com\/product\/yoast-seo-wordpress\/ -->\n<title>Impressum - A1 Group<\/title>\n<meta name=\"robots\" content=\"index, follow, max-snippet:-1, max-image-preview:large, max-video-preview:-1\" \/>\n<link rel=\"canonical\" href=\"https:\/\/a1.com\/de\/impressum\/\" \/>\n<meta property=\"og:locale\" content=\"de_DE\" \/>\n<meta property=\"og:type\" content=\"article\" \/>\n<meta property=\"og:title\" content=\"Impressum - A1 Group\" \/>\n<meta property=\"og:url\" content=\"https:\/\/a1.com\/de\/impressum\/\" \/>\n<meta property=\"og:site_name\" content=\"A1 Group\" \/>\n<meta property=\"article:modified_time\" content=\"2025-11-25T15:28:07+00:00\" \/>\n<meta name=\"twitter:card\" content=\"summary_large_image\" \/>\n<meta name=\"twitter:label1\" content=\"Est. reading time\" \/>\n\t<meta name=\"twitter:data1\" content=\"1 minute\" \/>\n<script type=\"application\/ld+json\" class=\"yoast-schema-graph\">{\"@context\":\"https:\\\/\\\/schema.org\",\"@graph\":[{\"@type\":\"WebPage\",\"@id\":\"https:\\\/\\\/a1.com\\\/de\\\/impressum\\\/\",\"url\":\"https:\\\/\\\/a1.com\\\/de\\\/impressum\\\/\",\"name\":\"Impressum - A1 Group\",\"isPartOf\":{\"@id\":\"https:\\\/\\\/a1.com\\\/#website\"},\"datePublished\":\"2023-03-29T10:05:17+00:00\",\"dateModified\":\"2025-11-25T15:28:07+00:00\",\"breadcrumb\":{\"@id\":\"https:\\\/\\\/a1.com\\\/de\\\/impressum\\\/#breadcrumb\"},\"inLanguage\":\"de-DE\",\"potentialAction\":[{\"@type\":\"ReadAction\",\"target\":[\"https:\\\/\\\/a1.com\\\/de\\\/impressum\\\/\"]}]},{\"@type\":\"BreadcrumbList\",\"@id\":\"https:\\\/\\\/a1.com\\\/de\\\/impressum\\\/#breadcrumb\",\"itemListElement\":[{\"@type\":\"ListItem\",\"position\":1,\"name\":\"Home\",\"item\":\"https:\\\/\\\/a1.com\\\/de\\\/\"},{\"@type\":\"ListItem\",\"position\":2,\"name\":\"Impressum\"}]},{\"@type\":\"WebSite\",\"@id\":\"https:\\\/\\\/a1.com\\\/#website\",\"url\":\"https:\\\/\\\/a1.com\\\/\",\"name\":\"A1 Group\",\"description\":\"\",\"potentialAction\":[{\"@type\":\"SearchAction\",\"target\":{\"@type\":\"EntryPoint\",\"urlTemplate\":\"https:\\\/\\\/a1.com\\\/?s={search_term_string}\"},\"query-input\":{\"@type\":\"PropertyValueSpecification\",\"valueRequired\":true,\"valueName\":\"search_term_string\"}}],\"inLanguage\":\"de-DE\"}]}<\/script>\n<!-- \/ Yoast SEO plugin. -->","yoast_head_json":{"title":"Impressum - A1 Group","robots":{"index":"index","follow":"follow","max-snippet":"max-snippet:-1","max-image-preview":"max-image-preview:large","max-video-preview":"max-video-preview:-1"},"canonical":"https:\/\/a1.com\/de\/impressum\/","og_locale":"de_DE","og_type":"article","og_title":"Impressum - A1 Group","og_url":"https:\/\/a1.com\/de\/impressum\/","og_site_name":"A1 Group","article_modified_time":"2025-11-25T15:28:07+00:00","twitter_card":"summary_large_image","twitter_misc":{"Est. reading time":"1 minute"},"schema":{"@context":"https:\/\/schema.org","@graph":[{"@type":"WebPage","@id":"https:\/\/a1.com\/de\/impressum\/","url":"https:\/\/a1.com\/de\/impressum\/","name":"Impressum - A1 Group","isPartOf":{"@id":"https:\/\/a1.com\/#website"},"datePublished":"2023-03-29T10:05:17+00:00","dateModified":"2025-11-25T15:28:07+00:00","breadcrumb":{"@id":"https:\/\/a1.com\/de\/impressum\/#breadcrumb"},"inLanguage":"de-DE","potentialAction":[{"@type":"ReadAction","target":["https:\/\/a1.com\/de\/impressum\/"]}]},{"@type":"BreadcrumbList","@id":"https:\/\/a1.com\/de\/impressum\/#breadcrumb","itemListElement":[{"@type":"ListItem","position":1,"name":"Home","item":"https:\/\/a1.com\/de\/"},{"@type":"ListItem","position":2,"name":"Impressum"}]},{"@type":"WebSite","@id":"https:\/\/a1.com\/#website","url":"https:\/\/a1.com\/","name":"A1 Group","description":"","potentialAction":[{"@type":"SearchAction","target":{"@type":"EntryPoint","urlTemplate":"https:\/\/a1.com\/?s={search_term_string}"},"query-input":{"@type":"PropertyValueSpecification","valueRequired":true,"valueName":"search_term_string"}}],"inLanguage":"de-DE"}]}},"_links":{"self":[{"href":"https:\/\/a1.com\/de\/wp-json\/wp\/v2\/pages\/3830","targetHints":{"allow":["GET"]}}],"collection":[{"href":"https:\/\/a1.com\/de\/wp-json\/wp\/v2\/pages"}],"about":[{"href":"https:\/\/a1.com\/de\/wp-json\/wp\/v2\/types\/page"}],"author":[{"embeddable":true,"href":"https:\/\/a1.com\/de\/wp-json\/wp\/v2\/users\/3"}],"replies":[{"embeddable":true,"href":"https:\/\/a1.com\/de\/wp-json\/wp\/v2\/comments?post=3830"}],"version-history":[{"count":10,"href":"https:\/\/a1.com\/de\/wp-json\/wp\/v2\/pages\/3830\/revisions"}],"predecessor-version":[{"id":16682,"href":"https:\/\/a1.com\/de\/wp-json\/wp\/v2\/pages\/3830\/revisions\/16682"}],"wp:attachment":[{"href":"https:\/\/a1.com\/de\/wp-json\/wp\/v2\/media?parent=3830"}],"wp:term":[{"taxonomy":"department","embeddable":true,"href":"https:\/\/a1.com\/de\/wp-json\/wp\/v2\/departments?post=3830"}],"curies":[{"name":"wp","href":"https:\/\/api.w.org\/{rel}","templated":true}]}}