{"id":16677,"date":"2025-11-25T16:15:03","date_gmt":"2025-11-25T15:15:03","guid":{"rendered":"https:\/\/a1.com\/?page_id=16677"},"modified":"2025-12-17T12:55:39","modified_gmt":"2025-12-17T11:55:39","slug":"at-christmas-cards-2025","status":"publish","type":"page","link":"https:\/\/a1.com\/de\/at-christmas-cards-2025\/","title":{"rendered":"A1 Team Gru\u00dfkarten | A1 Austria 2025"},"content":{"rendered":"<div\n\tclass=\"wrapper wrapper__bg-color--white  wrapper__spacing-bottom-large--40       wrapper__border-color-large--primary wrapper__border-size-large--none\"\n\t>\n\n\t\n\t\t\t<div class=\"wrapper__container wrapper__container-width-large--default wrapper__gutter-desktop--default wrapper__gutter-tablet--small\">\n\t\t\t<div class=\"wrapper__inner wrapper__width-large--12\">\n\t\t\t\t<h1 class=\"heading heading__color--black heading__size--large heading__align--left heading__font-family--serif heading__font-weight--regular block-heading__heading\">\n\t<br>W\u00e4hle eine digitale Weihnachtskarte<\/h1>\t\t\t<\/div>\n\t\t<\/div>\n\t<\/div>\n\n\n<div\n\tclass=\"wrapper wrapper__bg-color--white  wrapper__spacing-bottom-large--40       wrapper__border-color-large--primary wrapper__border-size-large--none\"\n\t>\n\n\t\n\t\t\t<div class=\"wrapper__container wrapper__container-width-large--default wrapper__gutter-desktop--default wrapper__gutter-tablet--small\">\n\t\t\t<div class=\"wrapper__inner wrapper__width-large--12\">\n\t\t\t\t<p class=\"paragraph paragraph__color--black paragraph__size--default paragraph__align--left paragraph__font-family--sans block-paragraph__paragraph\">\n\tAuf dieser Seite kannst du eine von drei digitalen Weihnachtskarten ausw\u00e4hlen und verschicken. Jede Karte hat ein eigenes Motiv:<\/p>\t\t\t<\/div>\n\t\t<\/div>\n\t<\/div>\n\n\n<div\n\tclass=\"wrapper wrapper__bg-color--white  wrapper__spacing-bottom-large--40       wrapper__border-color-large--primary wrapper__border-size-large--none\"\n\t>\n\n\t\n\t\t\t<div class=\"wrapper__container wrapper__container-width-large--default wrapper__gutter-desktop--default wrapper__gutter-tablet--small\">\n\t\t\t<div class=\"wrapper__inner wrapper__width-large--12\">\n\t\t\t\t\n<div class=\"block-card-carousel js-block-card-carousel\">\n\t<div class=\"swiper\">\n\t\t<div class=\"block-card-carousel__content swiper-wrapper\">\n\t\t\t\n<div class=\"block-card-carousel__item\">\n\t\t\t<div class=\"block-card-carousel__item-inner\">\n\t<a class=\"block-card-carousel-item__wrapper-link\" href=\"https:\/\/a1.com\/xmas-card-1\/\">\n<div class=\"image-wrap block-card-carousel-item__image-wrap\" data-align=\"center center\">\n\n\t\t\t<div\n\t\t\tstyle=\"background-image:url(https:\/\/a1.com\/wp-content\/uploads\/sites\/6\/2025\/12\/unendlich-schoene-weihnachten-Bild-scaled.png)\"\n\t\t\tclass=\"image image--bg image__rounded-corners--none block-card-carousel-item__image\">\n\t\t<\/div>\n\t\n\t<\/div><h5 class=\"heading heading__color--black heading__size--small heading__align--left heading__font-family--serif heading__font-weight--regular block-card-carousel-item__heading\">\n\tMach&#8217;s dir unendlich sch\u00f6n.<\/h5><p class=\"paragraph paragraph__color--black paragraph__size--default paragraph__align--left paragraph__font-family--sans block-card-carousel-item__paragraph\">\n\tWir w\u00fcnschen unendlich sch\u00f6ne Weihnachten &#8230;und einen guten Rutsch in 2026. Dein A1 Team<\/p><p class=\"paragraph paragraph__color--primary paragraph__size--default-constant paragraph__align--left paragraph__font-family--serif block-card-carousel-item__text-link\">\n\t<span>Karte ausw\u00e4hlen<\/span> <\/p><\/a><\/div>\n\t\t<\/div>\n\n<div class=\"block-card-carousel__item\">\n\t\t\t<div class=\"block-card-carousel__item-inner\">\n\t<a class=\"block-card-carousel-item__wrapper-link\" href=\"https:\/\/a1.com\/xmas-card-2\">\n<div class=\"image-wrap block-card-carousel-item__image-wrap\" data-align=\"center center\">\n\n\t\t\t<div\n\t\t\tstyle=\"background-image:url(https:\/\/a1.com\/wp-content\/uploads\/sites\/6\/2025\/12\/XMAS-2-1-scaled.png)\"\n\t\t\tclass=\"image image--bg image__rounded-corners--none block-card-carousel-item__image\">\n\t\t<\/div>\n\t\n\t<\/div><h5 class=\"heading heading__color--black heading__size--small heading__align--left heading__font-family--serif heading__font-weight--regular block-card-carousel-item__heading\">\n\tDas Weihnachtsdorf<\/h5><p class=\"paragraph paragraph__color--black paragraph__size--default paragraph__align--left paragraph__font-family--sans block-card-carousel-item__paragraph\">\n\tSehr simpel gehalten: &#8220;Frohe Weihnachten und einen guten Rutsch!&#8221;<\/p><p class=\"paragraph paragraph__color--primary paragraph__size--default-constant paragraph__align--left paragraph__font-family--serif block-card-carousel-item__text-link\">\n\t<span>Karte ausw\u00e4hlen<\/span> <\/p><\/a><\/div>\n\t\t<\/div>\n\n<div class=\"block-card-carousel__item\">\n\t\t\t<div class=\"block-card-carousel__item-inner\">\n\t<a class=\"block-card-carousel-item__wrapper-link\" href=\"https:\/\/a1.com\/at-christmas-cards-2025\/xmas-card-3\/\">\n<div class=\"image-wrap block-card-carousel-item__image-wrap\" data-align=\"center center\">\n\n\t\t\t<div\n\t\t\tstyle=\"background-image:url(https:\/\/a1.com\/wp-content\/uploads\/sites\/6\/2025\/12\/XMAS-3.jpg)\"\n\t\t\tclass=\"image image--bg image__rounded-corners--none block-card-carousel-item__image\">\n\t\t<\/div>\n\t\n\t<\/div><h5 class=\"heading heading__color--black heading__size--small heading__align--left heading__font-family--serif heading__font-weight--regular block-card-carousel-item__heading\">\n\tFestliche Business-Gr\u00fc\u00dfe<\/h5><p class=\"paragraph paragraph__color--black paragraph__size--default paragraph__align--left paragraph__font-family--sans block-card-carousel-item__paragraph\">\n\tPerfekt f\u00fcr A1 Business Kund:innen im klassich-edlen Dunkelrot. <\/p><p class=\"paragraph paragraph__color--primary paragraph__size--default-constant paragraph__align--left paragraph__font-family--serif block-card-carousel-item__text-link\">\n\t<span>Karte ausw\u00e4hlen<\/span> <\/p><\/a><\/div>\n\t\t<\/div>\n\t\t<\/div>\n\t<\/div>\n\n\t<div class=\"js-block-card-carousel-pagination block-card-carousel__pagination\"><\/div>\n\n\t<div class=\"block-card-carousel__controls\">\n\t\t<button class=\"js-block-card-carousel-prev-arrow block-card-carousel__arrow block-card-carousel__arrow--prev\">\n\t\t\t<svg width='60' height='60' fill='none' xmlns='http:\/\/www.w3.org\/2000\/svg'><path d='M30 60c16.569 0 30-13.431 30-30C60 13.431 46.569 0 30 0 13.431 0 0 13.431 0 30c0 16.569 13.431 30 30 30z' fill='#000' fill-opacity='.25'\/><path d='M29 30.5l5.5-5.5-2-2-7.5 7.5 7.5 7.5 2-2-5.5-5.5z' fill='#fff'\/><\/svg>\t\t<\/button>\n\t\t<button class=\"js-block-card-carousel-next-arrow block-card-carousel__arrow block-card-carousel__arrow--next\">\n\t\t\t<svg width='60' height='60' fill='none' xmlns='http:\/\/www.w3.org\/2000\/svg'><path d='M30 60C13.431 60 0 46.569 0 30 0 13.431 13.431 0 30 0c16.569 0 30 13.431 30 30 0 16.569-13.431 30-30 30z' fill='#000' fill-opacity='.25'\/><path d='M30.5 30.5L25 25l2-2 7.5 7.5L27 38l-2-2 5.5-5.5z' fill='#fff'\/><\/svg>\t\t<\/button>\n\t<\/div>\n\n<\/div>\n\t\t\t<\/div>\n\t\t<\/div>\n\t<\/div>\n\n\n<div\n\tclass=\"wrapper wrapper__bg-color--white  wrapper__spacing-bottom-large--40       wrapper__border-color-large--primary wrapper__border-size-large--none\"\n\t>\n\n\t\n\t\t\t<div class=\"wrapper__container wrapper__container-width-large--default wrapper__gutter-desktop--default wrapper__gutter-tablet--small\">\n\t\t\t<div class=\"wrapper__inner wrapper__width-large--12\">\n\t\t\t\t<p class=\"paragraph paragraph__color--black paragraph__size--default paragraph__align--left paragraph__font-family--sans block-paragraph__paragraph\">\n\tDie Gru\u00dfkarten sind auch in englischer Sprache verf\u00fcgbar. \u00c4ndere daf\u00fcr rechts oben im Men\u00fc deine Spracheinstellungen.<\/p>\t\t\t<\/div>\n\t\t<\/div>\n\t<\/div>\n","protected":false},"excerpt":{"rendered":"","protected":false},"author":93,"featured_media":16766,"parent":0,"menu_order":0,"comment_status":"closed","ping_status":"closed","template":"","meta":{"_acf_changed":false,"footnotes":""},"departments":[],"class_list":["post-16677","page","type-page","status-publish","has-post-thumbnail","hentry"],"acf":[],"yoast_head":"<!-- This site is optimized with the Yoast SEO plugin v27.4 - https:\/\/yoast.com\/product\/yoast-seo-wordpress\/ -->\n<title>A1 Team Gru\u00dfkarten | A1 Austria 2025 - A1 Group<\/title>\n<meta name=\"robots\" content=\"index, follow, max-snippet:-1, max-image-preview:large, max-video-preview:-1\" \/>\n<link rel=\"canonical\" href=\"https:\/\/a1.com\/de\/at-christmas-cards-2025\/\" \/>\n<meta property=\"og:locale\" content=\"de_DE\" \/>\n<meta property=\"og:type\" content=\"article\" \/>\n<meta property=\"og:title\" content=\"A1 Team\" \/>\n<meta property=\"og:url\" content=\"https:\/\/a1.com\/de\/at-christmas-cards-2025\/\" \/>\n<meta property=\"og:site_name\" content=\"A1 Group\" \/>\n<meta property=\"article:modified_time\" content=\"2025-12-17T11:55:39+00:00\" \/>\n<meta property=\"og:image\" content=\"https:\/\/a1.com\/wp-content\/uploads\/sites\/6\/2025\/12\/XMAS-2-1-1024x573.png\" \/>\n\t<meta property=\"og:image:width\" content=\"1024\" \/>\n\t<meta property=\"og:image:height\" content=\"573\" \/>\n\t<meta property=\"og:image:type\" content=\"image\/png\" \/>\n<meta name=\"twitter:card\" content=\"summary_large_image\" \/>\n<meta name=\"twitter:label1\" content=\"Est. reading time\" \/>\n\t<meta name=\"twitter:data1\" content=\"1 minute\" \/>\n<script type=\"application\/ld+json\" class=\"yoast-schema-graph\">{\"@context\":\"https:\\\/\\\/schema.org\",\"@graph\":[{\"@type\":\"WebPage\",\"@id\":\"https:\\\/\\\/a1.com\\\/de\\\/at-christmas-cards-2025\\\/\",\"url\":\"https:\\\/\\\/a1.com\\\/de\\\/at-christmas-cards-2025\\\/\",\"name\":\"A1 Team Gru\u00dfkarten | A1 Austria 2025 - A1 Group\",\"isPartOf\":{\"@id\":\"https:\\\/\\\/a1.com\\\/#website\"},\"primaryImageOfPage\":{\"@id\":\"https:\\\/\\\/a1.com\\\/de\\\/at-christmas-cards-2025\\\/#primaryimage\"},\"image\":{\"@id\":\"https:\\\/\\\/a1.com\\\/de\\\/at-christmas-cards-2025\\\/#primaryimage\"},\"thumbnailUrl\":\"https:\\\/\\\/a1.com\\\/wp-content\\\/uploads\\\/sites\\\/6\\\/2025\\\/12\\\/XMAS-2-1-scaled.png\",\"datePublished\":\"2025-11-25T15:15:03+00:00\",\"dateModified\":\"2025-12-17T11:55:39+00:00\",\"breadcrumb\":{\"@id\":\"https:\\\/\\\/a1.com\\\/de\\\/at-christmas-cards-2025\\\/#breadcrumb\"},\"inLanguage\":\"de-DE\",\"potentialAction\":[{\"@type\":\"ReadAction\",\"target\":[\"https:\\\/\\\/a1.com\\\/de\\\/at-christmas-cards-2025\\\/\"]}]},{\"@type\":\"ImageObject\",\"inLanguage\":\"de-DE\",\"@id\":\"https:\\\/\\\/a1.com\\\/de\\\/at-christmas-cards-2025\\\/#primaryimage\",\"url\":\"https:\\\/\\\/a1.com\\\/wp-content\\\/uploads\\\/sites\\\/6\\\/2025\\\/12\\\/XMAS-2-1-scaled.png\",\"contentUrl\":\"https:\\\/\\\/a1.com\\\/wp-content\\\/uploads\\\/sites\\\/6\\\/2025\\\/12\\\/XMAS-2-1-scaled.png\",\"width\":2560,\"height\":1433},{\"@type\":\"BreadcrumbList\",\"@id\":\"https:\\\/\\\/a1.com\\\/de\\\/at-christmas-cards-2025\\\/#breadcrumb\",\"itemListElement\":[{\"@type\":\"ListItem\",\"position\":1,\"name\":\"Home\",\"item\":\"https:\\\/\\\/a1.com\\\/de\\\/\"},{\"@type\":\"ListItem\",\"position\":2,\"name\":\"A1 Team Gru\u00dfkarten | A1 Austria 2025\"}]},{\"@type\":\"WebSite\",\"@id\":\"https:\\\/\\\/a1.com\\\/#website\",\"url\":\"https:\\\/\\\/a1.com\\\/\",\"name\":\"A1 Group\",\"description\":\"\",\"potentialAction\":[{\"@type\":\"SearchAction\",\"target\":{\"@type\":\"EntryPoint\",\"urlTemplate\":\"https:\\\/\\\/a1.com\\\/?s={search_term_string}\"},\"query-input\":{\"@type\":\"PropertyValueSpecification\",\"valueRequired\":true,\"valueName\":\"search_term_string\"}}],\"inLanguage\":\"de-DE\"}]}<\/script>\n<!-- \/ Yoast SEO plugin. -->","yoast_head_json":{"title":"A1 Team Gru\u00dfkarten | A1 Austria 2025 - A1 Group","robots":{"index":"index","follow":"follow","max-snippet":"max-snippet:-1","max-image-preview":"max-image-preview:large","max-video-preview":"max-video-preview:-1"},"canonical":"https:\/\/a1.com\/de\/at-christmas-cards-2025\/","og_locale":"de_DE","og_type":"article","og_title":"A1 Team","og_url":"https:\/\/a1.com\/de\/at-christmas-cards-2025\/","og_site_name":"A1 Group","article_modified_time":"2025-12-17T11:55:39+00:00","og_image":[{"width":1024,"height":573,"url":"https:\/\/a1.com\/wp-content\/uploads\/sites\/6\/2025\/12\/XMAS-2-1-1024x573.png","type":"image\/png"}],"twitter_card":"summary_large_image","twitter_misc":{"Est. reading time":"1 minute"},"schema":{"@context":"https:\/\/schema.org","@graph":[{"@type":"WebPage","@id":"https:\/\/a1.com\/de\/at-christmas-cards-2025\/","url":"https:\/\/a1.com\/de\/at-christmas-cards-2025\/","name":"A1 Team Gru\u00dfkarten | A1 Austria 2025 - A1 Group","isPartOf":{"@id":"https:\/\/a1.com\/#website"},"primaryImageOfPage":{"@id":"https:\/\/a1.com\/de\/at-christmas-cards-2025\/#primaryimage"},"image":{"@id":"https:\/\/a1.com\/de\/at-christmas-cards-2025\/#primaryimage"},"thumbnailUrl":"https:\/\/a1.com\/wp-content\/uploads\/sites\/6\/2025\/12\/XMAS-2-1-scaled.png","datePublished":"2025-11-25T15:15:03+00:00","dateModified":"2025-12-17T11:55:39+00:00","breadcrumb":{"@id":"https:\/\/a1.com\/de\/at-christmas-cards-2025\/#breadcrumb"},"inLanguage":"de-DE","potentialAction":[{"@type":"ReadAction","target":["https:\/\/a1.com\/de\/at-christmas-cards-2025\/"]}]},{"@type":"ImageObject","inLanguage":"de-DE","@id":"https:\/\/a1.com\/de\/at-christmas-cards-2025\/#primaryimage","url":"https:\/\/a1.com\/wp-content\/uploads\/sites\/6\/2025\/12\/XMAS-2-1-scaled.png","contentUrl":"https:\/\/a1.com\/wp-content\/uploads\/sites\/6\/2025\/12\/XMAS-2-1-scaled.png","width":2560,"height":1433},{"@type":"BreadcrumbList","@id":"https:\/\/a1.com\/de\/at-christmas-cards-2025\/#breadcrumb","itemListElement":[{"@type":"ListItem","position":1,"name":"Home","item":"https:\/\/a1.com\/de\/"},{"@type":"ListItem","position":2,"name":"A1 Team Gru\u00dfkarten | A1 Austria 2025"}]},{"@type":"WebSite","@id":"https:\/\/a1.com\/#website","url":"https:\/\/a1.com\/","name":"A1 Group","description":"","potentialAction":[{"@type":"SearchAction","target":{"@type":"EntryPoint","urlTemplate":"https:\/\/a1.com\/?s={search_term_string}"},"query-input":{"@type":"PropertyValueSpecification","valueRequired":true,"valueName":"search_term_string"}}],"inLanguage":"de-DE"}]}},"_links":{"self":[{"href":"https:\/\/a1.com\/de\/wp-json\/wp\/v2\/pages\/16677","targetHints":{"allow":["GET"]}}],"collection":[{"href":"https:\/\/a1.com\/de\/wp-json\/wp\/v2\/pages"}],"about":[{"href":"https:\/\/a1.com\/de\/wp-json\/wp\/v2\/types\/page"}],"author":[{"embeddable":true,"href":"https:\/\/a1.com\/de\/wp-json\/wp\/v2\/users\/93"}],"replies":[{"embeddable":true,"href":"https:\/\/a1.com\/de\/wp-json\/wp\/v2\/comments?post=16677"}],"version-history":[{"count":10,"href":"https:\/\/a1.com\/de\/wp-json\/wp\/v2\/pages\/16677\/revisions"}],"predecessor-version":[{"id":16960,"href":"https:\/\/a1.com\/de\/wp-json\/wp\/v2\/pages\/16677\/revisions\/16960"}],"wp:featuredmedia":[{"embeddable":true,"href":"https:\/\/a1.com\/de\/wp-json\/wp\/v2\/media\/16766"}],"wp:attachment":[{"href":"https:\/\/a1.com\/de\/wp-json\/wp\/v2\/media?parent=16677"}],"wp:term":[{"taxonomy":"department","embeddable":true,"href":"https:\/\/a1.com\/de\/wp-json\/wp\/v2\/departments?post=16677"}],"curies":[{"name":"wp","href":"https:\/\/api.w.org\/{rel}","templated":true}]}}