{"id":16459,"date":"2025-10-15T14:29:19","date_gmt":"2025-10-15T12:29:19","guid":{"rendered":"https:\/\/a1.com\/?page_id=16459"},"modified":"2025-10-15T14:32:00","modified_gmt":"2025-10-15T12:32:00","slug":"esg-news","status":"publish","type":"page","link":"https:\/\/a1.com\/de\/esg-news\/","title":{"rendered":"ESG News"},"content":{"rendered":"<div\n\tclass=\"wrapper wrapper__bg-color--white  wrapper__spacing-bottom-large--40       wrapper__border-color-large--primary wrapper__border-size-large--none\"\n\t>\n\n\t\n\t\t\t<div class=\"wrapper__container wrapper__container-width-large--default wrapper__gutter-desktop--default wrapper__gutter-tablet--small\">\n\t\t\t<div class=\"wrapper__inner wrapper__width-large--9 wrapper__offset-large--1\">\n\t\t\t\t<div class=\"posts-archive js-post-listing block-posts-archive\">\n\t<div class=\"posts-archive__intro\">\n\t\t<h3 class=\"posts-archive__intro-heading\">\n\t\t\tArtikel filtern\t\t<\/h3>\n\n\t\t<p class=\"posts-archive__intro-count\">\n\t\t\t47 Ergebnisse gefunden\t\t<\/p>\n\t<\/div>\n\n\t<div class=\"posts-archive__search-filter\">\n\t\t<form role=\"search-filter\" method=\"POST\" class=\"search-filter-form js-search-filter-form\" action=\"\">\n\n\t<div class=\"search-filter-form__filter\">\n\t\t<select name=\"category-filter\" id=\"category-filter\" class=\"js-category-filter\">\n\t\t\t<option value=\"\">Alle Kategorien<\/option>\n\t\t\t\t\t\t\t<option\n\t\t\t\t\tvalue=\"governance-2\"\n\t\t\t\t\t>\n\t\t\t\t\tGovernance\t\t\t\t<\/option>\n\t\t\t\t\t\t\t\t<option\n\t\t\t\t\tvalue=\"soziales\"\n\t\t\t\t\t>\n\t\t\t\t\tSoziales\t\t\t\t<\/option>\n\t\t\t\t\t\t\t\t<option\n\t\t\t\t\tvalue=\"umwelt\"\n\t\t\t\t\t>\n\t\t\t\t\tUmwelt\t\t\t\t<\/option>\n\t\t\t\t\t\t\t\t<option\n\t\t\t\t\tvalue=\"environment-de\"\n\t\t\t\t\t>\n\t\t\t\t\tEnvironment\t\t\t\t<\/option>\n\t\t\t\t\t\t\t\t<option\n\t\t\t\t\tvalue=\"cybersecurity-2\"\n\t\t\t\t\t>\n\t\t\t\t\tCybersecurity\t\t\t\t<\/option>\n\t\t\t\t\t\t\t\t<option\n\t\t\t\t\tvalue=\"cybersecurity-de\"\n\t\t\t\t\t>\n\t\t\t\t\tCybersecurity\t\t\t\t<\/option>\n\t\t\t\t\t\t\t\t<option\n\t\t\t\t\tvalue=\"social-de\"\n\t\t\t\t\t>\n\t\t\t\t\tSocial\t\t\t\t<\/option>\n\t\t\t\t\t\t<\/select>\n\t<\/div>\n\n\t<div class=\"search-filter-form__search\">\n\t\t<label for=\"s\" class=\"search-filter-form__search-wrapper\">\n\t\t\t<i class=\"icon icon  icon__magnifier search-filter-form__icon\">\n\t<svg width='24' height='24' viewBox='0 0 446 446' xmlns='http:\/\/www.w3.org\/2000\/svg'><path d='M446.46 390.651 329.636 273.828l23.811-23.997V103.429L250.017-.001H103.616L0 103.429v146.402l103.616 103.616h146.402l23.811-23.811L390.653 446.46l55.807-55.809zm-211.882-74.409H118.87l-81.665-81.665V118.869l81.665-81.665h115.522l81.851 81.665v115.522l-81.665 81.851z' fill='currentColor' \/><\/svg><\/i>\n\t\t\t<input\n\t\t\t\ttype=\"text\"\n\t\t\t\tvalue=\"\"\n\t\t\t\tname=\"search-query\"\n\t\t\t\tid=\"search-query\"\n\t\t\t\tclass=\"search-filter-form__search-input js-search-form-input input\"\n\t\t\t\tplaceholder=\"Weitere Sucheingabe\"\n\t\t\t\/>\n\t\t\t<input type=\"hidden\" name=\"post_type\" value=\"posts\" \/>\n\t\t<\/label>\n\t<\/div>\n\n\t<input type=\"hidden\" id=\"_wpnonce\" name=\"_wpnonce\" value=\"557b8c4292\" \/><input type=\"hidden\" name=\"_wp_http_referer\" value=\"\/de\/wp-json\/wp\/v2\/pages\/16459\" \/>\n<\/form>\t<\/div>\n\n\t\t\t<div id=\"posts69f5e9b0d7c25\" class=\"js-ajax-load posts-archive__post-list\">\n\t\t\t\t\t\t\t\t<div class=\"posts-archive__post-list-row\">\n\t\t\t\t\t\t<div class=\"post-card-csr posts-archive__post-card-csr-first\">\n\t<div class=\"post-card-csr__title posts-archive__title\">\n\t\t<a\thref=\"https:\/\/a1.com\/de\/category\/umwelt\/\"\n\tclass=\"pill pill__color--primary pill__icon-position--right\"\n\t>\n\tUmwelt<\/a>\n\t\t<a\t\t\thref=\"https:\/\/a1.com\/de\/cdp-bestaetigt-erneut-bestleistungen-bei-klima-transparenz\/\"\n\t\t\tclass=\"post-card-csr__link posts-archive__link\"\n\t\t>\n\n\t\t\t\t\t\t\t<h4 class=\"post-card-csr__heading posts-archive__heading\">\n\t\t\t\t\tCDP best\u00e4tigt erneut Bestleistungen bei Klima-Transparenz\t\t\t\t<\/h4>\n\t\t\t\n\t\t\t\t\t\t\t<p class=\"post-card-csr__excerpt posts-archive__excerpt\">\n\t\t\t\t\tDie A1 Group wurde 2025 erneut auf der CDP &quot;A List&quot; f\u00fcr Klimaschutz gelistet und best\u00e4tigt damit ihre F\u00fchrungsrolle bei Transparenz und nachhaltiger Transformation. Durch ambitionierte Emissionsziele und strenge Lieferkettenstandards setzt A1 Ma\u00dfst\u00e4be im Klimaschutz.\t\t\t\t<\/p>\n\t\t\t\t\t<\/a>\n\t<\/div>\n\n\t\t\t<div\n\t\t\tclass=\"post-card-csr__image post-card-csr__image--format-square post-card-csr__image--order-bottom posts-archive__image\"\n\t\t\tstyle=\"background-image: url('https:\/\/a1.com\/wp-content\/uploads\/sites\/6\/2023\/07\/A1_Austria-e1534509668531-768x427.jpeg')\"\n\t\t>\n\t\t<\/div>\n\t<\/div><div class=\"post-overlay post-overlay--width-half posts-archive__post-overlay-first\">\n\t\t\t<div\n\t\t\tclass=\"post-overlay__image posts-archive__image\"\n\t\t\tstyle=\"background-image: url('https:\/\/a1.com\/wp-content\/uploads\/sites\/6\/2025\/11\/6800a55f-69fa-4484-86e6-a9fb9d1c2cde-1024x374.jpeg')\"\n\t\t>\n\t\t\t<div class=\"post-overlay__content posts-archive__content\">\n\t\t\t\t<a\thref=\"https:\/\/a1.com\/de\/category\/soziales\/\"\n\tclass=\"pill pill__color--white pill__icon-position--right\"\n\t>\n\tSoziales<\/a>\t\t\t\t\t\t\t\t\t\t<a\t\t\t\t\t\thref=\"https:\/\/a1.com\/de\/lets-talk-money-female-empowerment-bei-a1-durch-finanzielles-know-how\/\"\n\t\t\t\t\t\tclass=\"post-overlay__link posts-archive__link\"\n\t\t\t\t\t\t\t\t\t\t\t>\n\t\t\t\t\t<h2 class=\"heading heading__color--white heading__size--default heading__align--left heading__font-family--serif heading__font-weight--regular post-overlay__post-overlay-first\">\n\tLet\u2019s Talk Money: Female Empowerment bei A1 durch finanzielles Know-How<\/h2>\t\t\t\t\t\t\t\t\t<\/a>\n\t\t\t\t\t\t\t<\/div>\n\t\t<\/div>\n\t<\/div>\t\t\t\t\t<\/div>\n\t\t\t\t\t\t\t\t\t\t<div class=\"posts-archive__post-list-row\">\n\t\t\t\t\t\t<div class=\"post-overlay post-overlay--width-full posts-archive__post-overlay\">\n\t\t\t<div\n\t\t\tclass=\"post-overlay__image posts-archive__image\"\n\t\t\tstyle=\"background-image: url('https:\/\/a1.com\/wp-content\/uploads\/sites\/6\/2025\/10\/UN-GLOBAL-COMPACT-EUROPEAN-BUSINESS-HUMAN-RIGHTS-MEETING-2-4-1024x421.jpg')\"\n\t\t>\n\t\t\t<div class=\"post-overlay__content posts-archive__content\">\n\t\t\t\t<a\thref=\"https:\/\/a1.com\/de\/category\/governance-2\/\"\n\tclass=\"pill pill__color--white pill__icon-position--right\"\n\t>\n\tGovernance<\/a>\t\t\t\t\t\t\t\t\t\t<a\t\t\t\t\t\thref=\"https:\/\/a1.com\/de\/mit-verantwortung-vorangehen-die-a1-group-auf-dem-10-un-global-compact-european-business-human-rights-meeting\/\"\n\t\t\t\t\t\tclass=\"post-overlay__link posts-archive__link\"\n\t\t\t\t\t\t\t\t\t\t\t>\n\t\t\t\t\t<h2 class=\"heading heading__color--white heading__size--default heading__align--left heading__font-family--serif heading__font-weight--regular post-overlay__heading\">\n\tMit Verantwortung Vorangehen: Die A1 Group auf dem 10. UN Global Compact European Business &amp; Human Rights Meeting<\/h2>\t\t\t\t\t\t\t\t\t<\/a>\n\t\t\t\t\t\t\t<\/div>\n\t\t<\/div>\n\t<\/div>\t\t\t\t\t<\/div>\n\t\t\t\t\t<div class=\"post-card-csr posts-archive__post-card-csr\">\n\t<div class=\"post-card-csr__title posts-archive__title\">\n\t\t<a\thref=\"https:\/\/a1.com\/de\/category\/governance-2\/\"\n\tclass=\"pill pill__color--primary pill__icon-position--right\"\n\t>\n\tGovernance<\/a>\n\t\t<a\t\t\thref=\"https:\/\/a1.com\/de\/zusammenarbeit-fuer-esg-fortschritt-in-ikt-lieferketten-einblicke-von-der-jac-general-assembly-2025\/\"\n\t\t\tclass=\"post-card-csr__link posts-archive__link\"\n\t\t>\n\n\t\t\t\t\t\t\t<h4 class=\"post-card-csr__heading posts-archive__heading\">\n\t\t\t\t\tZusammenarbeit f\u00fcr ESG-Fortschritt in IKT-Lieferketten: Einblicke von der JAC General Assembly 2025\t\t\t\t<\/h4>\n\t\t\t\n\t\t\t\t\t\t\t<p class=\"post-card-csr__excerpt posts-archive__excerpt\">\n\t\t\t\t\tA1 Group hostet die JAC-Generalversammlung 2025. Im Fokus: Nachhaltigkeit, ESG und verantwortungsvolle Lieferketten in der Telekommunikationsbranche. \t\t\t\t<\/p>\n\t\t\t\t\t<\/a>\n\t<\/div>\n\n\t\t\t<div\n\t\t\tclass=\"post-card-csr__image post-card-csr__image--format-square post-card-csr__image--order-bottom posts-archive__image\"\n\t\t\tstyle=\"background-image: url('https:\/\/a1.com\/wp-content\/uploads\/sites\/6\/2025\/10\/IMG_3187-768x199.jpeg')\"\n\t\t>\n\t\t<\/div>\n\t<\/div><div class=\"post-card-csr posts-archive__post-card-csr\">\n\t<div class=\"post-card-csr__title posts-archive__title\">\n\t\t<a\thref=\"https:\/\/a1.com\/de\/category\/governance-2\/\"\n\tclass=\"pill pill__color--primary pill__icon-position--right\"\n\t>\n\tGovernance<\/a>\n\t\t<a\t\t\thref=\"https:\/\/a1.com\/de\/stakeholder-roundtable-2025-sustainable-partnerships-building-competitive-advantage-together\/\"\n\t\t\tclass=\"post-card-csr__link posts-archive__link\"\n\t\t>\n\n\t\t\t\t\t\t\t<h4 class=\"post-card-csr__heading posts-archive__heading\">\n\t\t\t\t\tStakeholder Roundtable 2025: Sustainable Partnerships &#8211; Building Competitive Advantage Together\t\t\t\t<\/h4>\n\t\t\t\n\t\t\t\t\t\t\t<p class=\"post-card-csr__excerpt posts-archive__excerpt\">\n\t\t\t\t\tGanz unter dem Motto \u201eSustainable Partnerships: Building Competitive Advantage Together\u201d fand der diesj\u00e4hrige A1 Group Stakeholder Roundtable am 29. September 2025 in Wien statt. Wir haben erneut unsere Stakeholder zu einem offenen Dialog eingeladen, um \u00a0Nachhaltigkeitsthemen rund um unsere globale Lieferkette zu diskutieren.\t\t\t\t<\/p>\n\t\t\t\t\t<\/a>\n\t<\/div>\n\n\t\t\t<div\n\t\t\tclass=\"post-card-csr__image post-card-csr__image--format-square post-card-csr__image--order-top posts-archive__image\"\n\t\t\tstyle=\"background-image: url('https:\/\/a1.com\/wp-content\/uploads\/sites\/6\/2025\/10\/1-1-768x512.jpg')\"\n\t\t>\n\t\t<\/div>\n\t<\/div><div class=\"post-card-csr posts-archive__post-card-csr\">\n\t<div class=\"post-card-csr__title posts-archive__title\">\n\t\t<a\thref=\"https:\/\/a1.com\/de\/category\/governance-2\/\"\n\tclass=\"pill pill__color--primary pill__icon-position--right\"\n\t>\n\tGovernance<\/a>\n\t\t<a\t\t\thref=\"https:\/\/a1.com\/de\/strengthening-responsible-procurement\/\"\n\t\t\tclass=\"post-card-csr__link posts-archive__link\"\n\t\t>\n\n\t\t\t\t\t\t\t<h4 class=\"post-card-csr__heading posts-archive__heading\">\n\t\t\t\t\tStrengthening Responsible Procurement\t\t\t\t<\/h4>\n\t\t\t\n\t\t\t\t\t\t\t<p class=\"post-card-csr__excerpt posts-archive__excerpt\">\n\t\t\t\t\tSeit Jahren ist der Safer Internet Day ein globaler Tag der Fokussierung auf die Frage, wie man das Internet zu einem besseren Ort machen kann \u2013 vor allem f\u00fcr Kinder und junge Erwachsene.\t\t\t\t<\/p>\n\t\t\t\t\t<\/a>\n\t<\/div>\n\n\t\t\t<div\n\t\t\tclass=\"post-card-csr__image post-card-csr__image--format-square post-card-csr__image--order-bottom posts-archive__image\"\n\t\t\tstyle=\"background-image: url('https:\/\/a1.com\/wp-content\/uploads\/sites\/6\/2025\/07\/ESG-Purchasing-training-blog-768x432.jpg')\"\n\t\t>\n\t\t<\/div>\n\t<\/div><div class=\"post-card-csr posts-archive__post-card-csr\">\n\t<div class=\"post-card-csr__title posts-archive__title\">\n\t\t\n\t\t<a\t\t\thref=\"https:\/\/a1.com\/de\/a1s-climate-transition-plan-our-path-to-net-zero\/\"\n\t\t\tclass=\"post-card-csr__link posts-archive__link\"\n\t\t>\n\n\t\t\t\t\t\t\t<h4 class=\"post-card-csr__heading posts-archive__heading\">\n\t\t\t\t\tA1\u2019s Climate Transition Plan: Our Path to Net-Zero\t\t\t\t<\/h4>\n\t\t\t\n\t\t\t\t\t<\/a>\n\t<\/div>\n\n\t\t\t<div\n\t\t\tclass=\"post-card-csr__image post-card-csr__image--format-square post-card-csr__image--order-top posts-archive__image\"\n\t\t\tstyle=\"background-image: url('https:\/\/a1.com\/wp-content\/uploads\/sites\/6\/2024\/12\/webimage-FE256552-FB80-45DB-9ABC70F65C269965.png')\"\n\t\t>\n\t\t<\/div>\n\t<\/div><div class=\"post-card-csr posts-archive__post-card-csr\">\n\t<div class=\"post-card-csr__title posts-archive__title\">\n\t\t<a\thref=\"https:\/\/a1.com\/de\/category\/cybersecurity-de\/\"\n\tclass=\"pill pill__color--primary pill__icon-position--right\"\n\t>\n\tCybersecurity<\/a>\n\t\t<a\t\t\thref=\"https:\/\/a1.com\/de\/safer-internet-day-2025-gemeinsam-fur-ein-besseres-internet\/\"\n\t\t\tclass=\"post-card-csr__link posts-archive__link\"\n\t\t>\n\n\t\t\t\t\t\t\t<h4 class=\"post-card-csr__heading posts-archive__heading\">\n\t\t\t\t\tSafer Internet Day 2025: Gemeinsam f\u00fcr ein besseres Internet!\t\t\t\t<\/h4>\n\t\t\t\n\t\t\t\t\t\t\t<p class=\"post-card-csr__excerpt posts-archive__excerpt\">\n\t\t\t\t\tSeit Jahren ist der Safer Internet Day ein globaler Tag der Fokussierung auf die Frage, wie man das Internet zu einem besseren Ort machen kann \u2013 vor allem f\u00fcr Kinder und junge Erwachsene.\t\t\t\t<\/p>\n\t\t\t\t\t<\/a>\n\t<\/div>\n\n\t\t\t<div\n\t\t\tclass=\"post-card-csr__image post-card-csr__image--format-square post-card-csr__image--order-bottom posts-archive__image\"\n\t\t\tstyle=\"background-image: url('https:\/\/a1.com\/wp-content\/uploads\/sites\/6\/2025\/02\/Ally02_smart-768x683.png')\"\n\t\t>\n\t\t<\/div>\n\t<\/div><div class=\"post-card-csr posts-archive__post-card-csr\">\n\t<div class=\"post-card-csr__title posts-archive__title\">\n\t\t<a\thref=\"https:\/\/a1.com\/de\/category\/cybersecurity-de\/\"\n\tclass=\"pill pill__color--primary pill__icon-position--right\"\n\t>\n\tCybersecurity<\/a>\n\t\t<a\t\t\thref=\"https:\/\/a1.com\/de\/school-of-responsible-influencing\/\"\n\t\t\tclass=\"post-card-csr__link posts-archive__link\"\n\t\t>\n\n\t\t\t\t\t\t\t<h4 class=\"post-card-csr__heading posts-archive__heading\">\n\t\t\t\t\tSchool of Responsible Influencing\t\t\t\t<\/h4>\n\t\t\t\n\t\t\t\t\t\t\t<p class=\"post-card-csr__excerpt posts-archive__excerpt\">\n\t\t\t\t\tHeutzutage kann jeder Influencer werden. Aber \u00fcbernimmt auch jede:r Verantwortung f\u00fcr das, was da gepostet, geshared und an Content generiert wird? Viele tun das nicht. \t\t\t\t<\/p>\n\t\t\t\t\t<\/a>\n\t<\/div>\n\n\t\t\t<div\n\t\t\tclass=\"post-card-csr__image post-card-csr__image--format-square post-card-csr__image--order-top posts-archive__image\"\n\t\t\tstyle=\"background-image: url('https:\/\/a1.com\/wp-content\/uploads\/sites\/6\/2025\/02\/Banner-1-768x438.jpg')\"\n\t\t>\n\t\t<\/div>\n\t<\/div><div class=\"post-card-csr posts-archive__post-card-csr\">\n\t<div class=\"post-card-csr__title posts-archive__title\">\n\t\t<a\thref=\"https:\/\/a1.com\/de\/category\/soziales\/\"\n\tclass=\"pill pill__color--primary pill__icon-position--right\"\n\t>\n\tSoziales<\/a>\n\t\t<a\t\t\thref=\"https:\/\/a1.com\/de\/womens-empowerment-principles-weps\/\"\n\t\t\tclass=\"post-card-csr__link posts-archive__link\"\n\t\t>\n\n\t\t\t\t\t\t\t<h4 class=\"post-card-csr__heading posts-archive__heading\">\n\t\t\t\t\tWomen&#8217;s Empowerment Principles (WEPs\t\t\t\t<\/h4>\n\t\t\t\n\t\t\t\t\t\t\t<p class=\"post-card-csr__excerpt posts-archive__excerpt\">\n\t\t\t\t\tInitiativen in Bezug auf Chancengleichheit &amp; Diversit\u00e4t\t\t\t\t<\/p>\n\t\t\t\t\t<\/a>\n\t<\/div>\n\n\t\t\t<div\n\t\t\tclass=\"post-card-csr__image post-card-csr__image--format-square post-card-csr__image--order-bottom posts-archive__image\"\n\t\t\tstyle=\"background-image: url('https:\/\/a1.com\/wp-content\/uploads\/sites\/6\/2023\/03\/JOSF014051-4zu5-768x614.jpg')\"\n\t\t>\n\t\t<\/div>\n\t<\/div><div class=\"post-card-csr posts-archive__post-card-csr\">\n\t<div class=\"post-card-csr__title posts-archive__title\">\n\t\t<a\thref=\"https:\/\/a1.com\/de\/category\/umwelt\/\"\n\tclass=\"pill pill__color--primary pill__icon-position--right\"\n\t>\n\tUmwelt<\/a>\n\t\t<a\t\t\thref=\"https:\/\/a1.com\/de\/upskilling-a1-group\/\"\n\t\t\tclass=\"post-card-csr__link posts-archive__link\"\n\t\t>\n\n\t\t\t\t\t\t\t<h4 class=\"post-card-csr__heading posts-archive__heading\">\n\t\t\t\t\tUpskilling @A1 Group\t\t\t\t<\/h4>\n\t\t\t\n\t\t\t\t\t\t\t<p class=\"post-card-csr__excerpt posts-archive__excerpt\">\n\t\t\t\t\tWarum keine ESG-Strategie ohne die richtige Weiterbildung der Mitarbeiter:innen im Bereich Nachhaltigkeit erfolgreich sein kann, und wie ernst wir diesen Schritt bei der A1 Group angehen.\t\t\t\t<\/p>\n\t\t\t\t\t<\/a>\n\t<\/div>\n\n\t\t\t<div\n\t\t\tclass=\"post-card-csr__image post-card-csr__image--format-square post-card-csr__image--order-top posts-archive__image\"\n\t\t\tstyle=\"background-image: url('https:\/\/a1.com\/wp-content\/uploads\/sites\/6\/2023\/08\/629358800-768x513.jpg')\"\n\t\t>\n\t\t<\/div>\n\t<\/div><div class=\"post-card-csr posts-archive__post-card-csr\">\n\t<div class=\"post-card-csr__title posts-archive__title\">\n\t\t<a\thref=\"https:\/\/a1.com\/de\/category\/soziales\/\"\n\tclass=\"pill pill__color--primary pill__icon-position--right\"\n\t>\n\tSoziales<\/a>\n\t\t<a\t\t\thref=\"https:\/\/a1.com\/de\/initiativen-in-bezug-auf-chancengleichheit-diversitaet\/\"\n\t\t\tclass=\"post-card-csr__link posts-archive__link\"\n\t\t>\n\n\t\t\t\t\t\t\t<h4 class=\"post-card-csr__heading posts-archive__heading\">\n\t\t\t\t\tInitiativen in Bezug auf Chancengleichheit &amp; Diversit\u00e4t\t\t\t\t<\/h4>\n\t\t\t\n\t\t\t\t\t\t\t<p class=\"post-card-csr__excerpt posts-archive__excerpt\">\n\t\t\t\t\tInitiativen in Bezug auf Chancengleichheit &amp; Diversit\u00e4t\t\t\t\t<\/p>\n\t\t\t\t\t<\/a>\n\t<\/div>\n\n\t\t\t<div\n\t\t\tclass=\"post-card-csr__image post-card-csr__image--format-square post-card-csr__image--order-bottom posts-archive__image\"\n\t\t\tstyle=\"background-image: url('https:\/\/a1.com\/wp-content\/uploads\/sites\/6\/2023\/04\/Diversity_Picture-768x422.png')\"\n\t\t>\n\t\t<\/div>\n\t<\/div>\t\t<\/div> \n\t\t<div class=\"load-more js-load-more\">\n\t<div class=\"btn-wrap btn-wrap__align--center posts-archive__btn-wrap\">\n\t\t\t<button\n\t\t\tclass=\"btn btn__color--primary btn__size--default btn__size-width--default btn__icon-position--left btn__font-family--sans  posts-archive__btn js-load-more-trigger\"\n\t\t\tid=\"\"\n\t\t\ttitle=\"Weitere Ergebnisse anzeigen\"\n\t\t\taria-label=\"\"\n\t\t\tdata-id=posts69f5e9b0d7c25 data-route=https:\/\/a1.com\/de\/\/wp-json\/a1-group\/v1\/load-more?page=2&amp;type%5B0%5D=post&amp;type%5B1%5D=project-type&amp;per-page=12&amp;search=&amp;category= \t\t>\n\t\t\t\t\t\tWeitere Ergebnisse anzeigen\t\t<\/button>\n\n\t<\/div><\/div><\/div>\t\t\t<\/div>\n\t\t<\/div>\n\t<\/div>\n","protected":false},"excerpt":{"rendered":"","protected":false},"author":3,"featured_media":0,"parent":0,"menu_order":0,"comment_status":"closed","ping_status":"closed","template":"","meta":{"_acf_changed":false,"footnotes":""},"departments":[],"class_list":["post-16459","page","type-page","status-publish","hentry"],"acf":[],"yoast_head":"<!-- This site is optimized with the Yoast SEO plugin v27.4 - https:\/\/yoast.com\/product\/yoast-seo-wordpress\/ -->\n<title>ESG News - A1 Group<\/title>\n<meta name=\"robots\" content=\"index, follow, max-snippet:-1, max-image-preview:large, max-video-preview:-1\" \/>\n<link rel=\"canonical\" href=\"https:\/\/a1.com\/de\/esg-news\/\" \/>\n<meta property=\"og:locale\" content=\"de_DE\" \/>\n<meta property=\"og:type\" content=\"article\" \/>\n<meta property=\"og:title\" content=\"ESG News - A1 Group\" \/>\n<meta property=\"og:url\" content=\"https:\/\/a1.com\/de\/esg-news\/\" \/>\n<meta property=\"og:site_name\" content=\"A1 Group\" \/>\n<meta property=\"article:modified_time\" content=\"2025-10-15T12:32:00+00:00\" \/>\n<meta name=\"twitter:card\" content=\"summary_large_image\" \/>\n<meta name=\"twitter:label1\" content=\"Est. reading time\" \/>\n\t<meta name=\"twitter:data1\" content=\"2 minutes\" \/>\n<script type=\"application\/ld+json\" class=\"yoast-schema-graph\">{\"@context\":\"https:\\\/\\\/schema.org\",\"@graph\":[{\"@type\":\"WebPage\",\"@id\":\"https:\\\/\\\/a1.com\\\/de\\\/esg-news\\\/\",\"url\":\"https:\\\/\\\/a1.com\\\/de\\\/esg-news\\\/\",\"name\":\"ESG News - A1 Group\",\"isPartOf\":{\"@id\":\"https:\\\/\\\/a1.com\\\/#website\"},\"datePublished\":\"2025-10-15T12:29:19+00:00\",\"dateModified\":\"2025-10-15T12:32:00+00:00\",\"breadcrumb\":{\"@id\":\"https:\\\/\\\/a1.com\\\/de\\\/esg-news\\\/#breadcrumb\"},\"inLanguage\":\"de-DE\",\"potentialAction\":[{\"@type\":\"ReadAction\",\"target\":[\"https:\\\/\\\/a1.com\\\/de\\\/esg-news\\\/\"]}]},{\"@type\":\"BreadcrumbList\",\"@id\":\"https:\\\/\\\/a1.com\\\/de\\\/esg-news\\\/#breadcrumb\",\"itemListElement\":[{\"@type\":\"ListItem\",\"position\":1,\"name\":\"Home\",\"item\":\"https:\\\/\\\/a1.com\\\/de\\\/\"},{\"@type\":\"ListItem\",\"position\":2,\"name\":\"ESG News\"}]},{\"@type\":\"WebSite\",\"@id\":\"https:\\\/\\\/a1.com\\\/#website\",\"url\":\"https:\\\/\\\/a1.com\\\/\",\"name\":\"A1 Group\",\"description\":\"\",\"potentialAction\":[{\"@type\":\"SearchAction\",\"target\":{\"@type\":\"EntryPoint\",\"urlTemplate\":\"https:\\\/\\\/a1.com\\\/?s={search_term_string}\"},\"query-input\":{\"@type\":\"PropertyValueSpecification\",\"valueRequired\":true,\"valueName\":\"search_term_string\"}}],\"inLanguage\":\"de-DE\"}]}<\/script>\n<!-- \/ Yoast SEO plugin. -->","yoast_head_json":{"title":"ESG News - A1 Group","robots":{"index":"index","follow":"follow","max-snippet":"max-snippet:-1","max-image-preview":"max-image-preview:large","max-video-preview":"max-video-preview:-1"},"canonical":"https:\/\/a1.com\/de\/esg-news\/","og_locale":"de_DE","og_type":"article","og_title":"ESG News - A1 Group","og_url":"https:\/\/a1.com\/de\/esg-news\/","og_site_name":"A1 Group","article_modified_time":"2025-10-15T12:32:00+00:00","twitter_card":"summary_large_image","twitter_misc":{"Est. reading time":"2 minutes"},"schema":{"@context":"https:\/\/schema.org","@graph":[{"@type":"WebPage","@id":"https:\/\/a1.com\/de\/esg-news\/","url":"https:\/\/a1.com\/de\/esg-news\/","name":"ESG News - A1 Group","isPartOf":{"@id":"https:\/\/a1.com\/#website"},"datePublished":"2025-10-15T12:29:19+00:00","dateModified":"2025-10-15T12:32:00+00:00","breadcrumb":{"@id":"https:\/\/a1.com\/de\/esg-news\/#breadcrumb"},"inLanguage":"de-DE","potentialAction":[{"@type":"ReadAction","target":["https:\/\/a1.com\/de\/esg-news\/"]}]},{"@type":"BreadcrumbList","@id":"https:\/\/a1.com\/de\/esg-news\/#breadcrumb","itemListElement":[{"@type":"ListItem","position":1,"name":"Home","item":"https:\/\/a1.com\/de\/"},{"@type":"ListItem","position":2,"name":"ESG News"}]},{"@type":"WebSite","@id":"https:\/\/a1.com\/#website","url":"https:\/\/a1.com\/","name":"A1 Group","description":"","potentialAction":[{"@type":"SearchAction","target":{"@type":"EntryPoint","urlTemplate":"https:\/\/a1.com\/?s={search_term_string}"},"query-input":{"@type":"PropertyValueSpecification","valueRequired":true,"valueName":"search_term_string"}}],"inLanguage":"de-DE"}]}},"_links":{"self":[{"href":"https:\/\/a1.com\/de\/wp-json\/wp\/v2\/pages\/16459","targetHints":{"allow":["GET"]}}],"collection":[{"href":"https:\/\/a1.com\/de\/wp-json\/wp\/v2\/pages"}],"about":[{"href":"https:\/\/a1.com\/de\/wp-json\/wp\/v2\/types\/page"}],"author":[{"embeddable":true,"href":"https:\/\/a1.com\/de\/wp-json\/wp\/v2\/users\/3"}],"replies":[{"embeddable":true,"href":"https:\/\/a1.com\/de\/wp-json\/wp\/v2\/comments?post=16459"}],"version-history":[{"count":2,"href":"https:\/\/a1.com\/de\/wp-json\/wp\/v2\/pages\/16459\/revisions"}],"predecessor-version":[{"id":16461,"href":"https:\/\/a1.com\/de\/wp-json\/wp\/v2\/pages\/16459\/revisions\/16461"}],"wp:attachment":[{"href":"https:\/\/a1.com\/de\/wp-json\/wp\/v2\/media?parent=16459"}],"wp:term":[{"taxonomy":"department","embeddable":true,"href":"https:\/\/a1.com\/de\/wp-json\/wp\/v2\/departments?post=16459"}],"curies":[{"name":"wp","href":"https:\/\/api.w.org\/{rel}","templated":true}]}}