{"id":12104,"date":"2023-11-21T11:22:36","date_gmt":"2023-11-21T10:22:36","guid":{"rendered":"https:\/\/a1.com\/?page_id=12104"},"modified":"2023-11-22T11:24:59","modified_gmt":"2023-11-22T10:24:59","slug":"anleitung-zum-loschen-ihres-a1-smart-home-accounts-in-der-app","status":"publish","type":"page","link":"https:\/\/a1.com\/de\/anleitung-zum-loschen-ihres-a1-smart-home-accounts-in-der-app\/","title":{"rendered":"Anleitung zum L\u00f6schen Ihres A1 Smart Home Accounts in der App"},"content":{"rendered":"<div\n\tclass=\"wrapper wrapper__bg-color--white wrapper__spacing-top-large--20 wrapper__spacing-bottom-large--40       wrapper__border-color-large--primary wrapper__border-size-large--none\"\n\t>\n\n\t\n\t\t\t<div class=\"wrapper__container wrapper__container-width-large--default wrapper__gutter-desktop--default wrapper__gutter-tablet--small\">\n\t\t\t<div class=\"wrapper__inner wrapper__width-large--12\">\n\t\t\t\t<div class='block-breadcrumbs'><a href='https:\/\/a1.com\/de\/' class='block-breadcrumbs__home' aria-label='Home link'><\/a><span><a class=\"block-breadcrumbs__link\" href=\" https:\/\/a1.com\/de\/ \">Home<\/a><\/span><\/div>\t\t\t<\/div>\n\t\t<\/div>\n\t<\/div>\n\n\n<div\n\tclass=\"wrapper wrapper__bg-color--white wrapper__spacing-top-large--60 wrapper__spacing-bottom-large--40       wrapper__border-color-large--primary wrapper__border-size-large--none\"\n\t>\n\n\t\n\t\t\t<div class=\"wrapper__container wrapper__container-width-large--default wrapper__gutter-desktop--default wrapper__gutter-tablet--small\">\n\t\t\t<div class=\"wrapper__inner wrapper__width-large--8 wrapper__offset-large--2\">\n\t\t\t\t<h2 class=\"heading heading__color--black heading__size--default heading__align--left heading__font-family--serif heading__font-weight--bold block-heading__heading\">\n\tAnleitung zum L\u00f6schen Ihres A1 Smart Home Accounts in der App<\/h2>\t\t\t<\/div>\n\t\t<\/div>\n\t<\/div>\n\n\n<div\n\tclass=\"wrapper wrapper__bg-color--white  wrapper__spacing-bottom-large--120       wrapper__border-color-large--primary wrapper__border-size-large--none\"\n\t>\n\n\t\n\t\t\t<div class=\"wrapper__container wrapper__container-width-large--default wrapper__gutter-desktop--default wrapper__gutter-tablet--small\">\n\t\t\t<div class=\"wrapper__inner wrapper__width-large--8 wrapper__offset-large--2\">\n\t\t\t\t<p class=\"paragraph paragraph__color--black paragraph__size--default paragraph__align--left paragraph__font-family--sans block-paragraph__paragraph\">\n\tAls Administrator k\u00f6nnen Sie alle Accounts und Daten in der App l\u00f6schen.<br>1. Klicken Sie rechts unten auf das Burger Men\u00fc<br>2. Klicken Sie auf &#8220;Familie&#8221;<br>3. Nach Eingabe des Kennwortes k\u00f6nnen Sie einzelne Accounts l\u00f6schen, oder alle, wenn Sie Ihren eigenen Account w\u00e4hlen.<br><br>Gerne k\u00f6nnen Sie Ihren Account auch l\u00f6schen lassen von unserem Serviceteam unter 0800 664 143.<br><br><strong>Anleitung zur L\u00f6schung Ihrer Daten in der App:<br><\/strong>Um alle Daten zu Ihrem Account zu l\u00f6schen, klicken Sie auf das Burger Men\u00fc<br>1. Klicken Sie auf &#8220;Einstellungen&#8221;<br>2. Klicken Sie auf &#8220;\u00dcber&#8221;<br>3. Klicken Sie auf &#8220;Daten und Einwilligung&#8221;<br>4. Als letzten Punkt der Liste finden Sie &#8220;Daten, dort k\u00f6nnen alle Ihre Daten unwiderruflich gel\u00f6scht werden.<br><br>Bitte bedenken Sie, dass das Smart Home System lernt und ohne Ihre gespeicherten Daten verschiedene Funktionen erst wieder gelernt werden m\u00fcssen.<\/p>\t\t\t<\/div>\n\t\t<\/div>\n\t<\/div>\n","protected":false},"excerpt":{"rendered":"","protected":false},"author":3,"featured_media":0,"parent":0,"menu_order":0,"comment_status":"closed","ping_status":"closed","template":"","meta":{"_acf_changed":false,"footnotes":""},"departments":[20],"class_list":["post-12104","page","type-page","status-publish","hentry","department-group"],"acf":[],"yoast_head":"<!-- This site is optimized with the Yoast SEO plugin v27.4 - https:\/\/yoast.com\/product\/yoast-seo-wordpress\/ -->\n<title>Anleitung zum L\u00f6schen Ihres A1 Smart Home Accounts in der App - A1 Group<\/title>\n<meta name=\"robots\" content=\"index, follow, max-snippet:-1, max-image-preview:large, max-video-preview:-1\" \/>\n<link rel=\"canonical\" href=\"https:\/\/a1.com\/de\/anleitung-zum-loschen-ihres-a1-smart-home-accounts-in-der-app\/\" \/>\n<meta property=\"og:locale\" content=\"de_DE\" \/>\n<meta property=\"og:type\" content=\"article\" \/>\n<meta property=\"og:title\" content=\"Anleitung zum L\u00f6schen Ihres A1 Smart Home Accounts in der App - A1 Group\" \/>\n<meta property=\"og:url\" content=\"https:\/\/a1.com\/de\/anleitung-zum-loschen-ihres-a1-smart-home-accounts-in-der-app\/\" \/>\n<meta property=\"og:site_name\" content=\"A1 Group\" \/>\n<meta property=\"article:modified_time\" content=\"2023-11-22T10:24:59+00:00\" \/>\n<meta name=\"twitter:card\" content=\"summary_large_image\" \/>\n<script type=\"application\/ld+json\" class=\"yoast-schema-graph\">{\"@context\":\"https:\\\/\\\/schema.org\",\"@graph\":[{\"@type\":\"WebPage\",\"@id\":\"https:\\\/\\\/a1.com\\\/de\\\/anleitung-zum-loschen-ihres-a1-smart-home-accounts-in-der-app\\\/\",\"url\":\"https:\\\/\\\/a1.com\\\/de\\\/anleitung-zum-loschen-ihres-a1-smart-home-accounts-in-der-app\\\/\",\"name\":\"Anleitung zum L\u00f6schen Ihres A1 Smart Home Accounts in der App - A1 Group\",\"isPartOf\":{\"@id\":\"https:\\\/\\\/a1.com\\\/#website\"},\"datePublished\":\"2023-11-21T10:22:36+00:00\",\"dateModified\":\"2023-11-22T10:24:59+00:00\",\"breadcrumb\":{\"@id\":\"https:\\\/\\\/a1.com\\\/de\\\/anleitung-zum-loschen-ihres-a1-smart-home-accounts-in-der-app\\\/#breadcrumb\"},\"inLanguage\":\"de-DE\",\"potentialAction\":[{\"@type\":\"ReadAction\",\"target\":[\"https:\\\/\\\/a1.com\\\/de\\\/anleitung-zum-loschen-ihres-a1-smart-home-accounts-in-der-app\\\/\"]}]},{\"@type\":\"BreadcrumbList\",\"@id\":\"https:\\\/\\\/a1.com\\\/de\\\/anleitung-zum-loschen-ihres-a1-smart-home-accounts-in-der-app\\\/#breadcrumb\",\"itemListElement\":[{\"@type\":\"ListItem\",\"position\":1,\"name\":\"Home\",\"item\":\"https:\\\/\\\/a1.com\\\/de\\\/\"},{\"@type\":\"ListItem\",\"position\":2,\"name\":\"Anleitung zum L\u00f6schen Ihres A1 Smart Home Accounts in der App\"}]},{\"@type\":\"WebSite\",\"@id\":\"https:\\\/\\\/a1.com\\\/#website\",\"url\":\"https:\\\/\\\/a1.com\\\/\",\"name\":\"A1 Group\",\"description\":\"\",\"potentialAction\":[{\"@type\":\"SearchAction\",\"target\":{\"@type\":\"EntryPoint\",\"urlTemplate\":\"https:\\\/\\\/a1.com\\\/?s={search_term_string}\"},\"query-input\":{\"@type\":\"PropertyValueSpecification\",\"valueRequired\":true,\"valueName\":\"search_term_string\"}}],\"inLanguage\":\"de-DE\"}]}<\/script>\n<!-- \/ Yoast SEO plugin. -->","yoast_head_json":{"title":"Anleitung zum L\u00f6schen Ihres A1 Smart Home Accounts in der App - A1 Group","robots":{"index":"index","follow":"follow","max-snippet":"max-snippet:-1","max-image-preview":"max-image-preview:large","max-video-preview":"max-video-preview:-1"},"canonical":"https:\/\/a1.com\/de\/anleitung-zum-loschen-ihres-a1-smart-home-accounts-in-der-app\/","og_locale":"de_DE","og_type":"article","og_title":"Anleitung zum L\u00f6schen Ihres A1 Smart Home Accounts in der App - A1 Group","og_url":"https:\/\/a1.com\/de\/anleitung-zum-loschen-ihres-a1-smart-home-accounts-in-der-app\/","og_site_name":"A1 Group","article_modified_time":"2023-11-22T10:24:59+00:00","twitter_card":"summary_large_image","schema":{"@context":"https:\/\/schema.org","@graph":[{"@type":"WebPage","@id":"https:\/\/a1.com\/de\/anleitung-zum-loschen-ihres-a1-smart-home-accounts-in-der-app\/","url":"https:\/\/a1.com\/de\/anleitung-zum-loschen-ihres-a1-smart-home-accounts-in-der-app\/","name":"Anleitung zum L\u00f6schen Ihres A1 Smart Home Accounts in der App - A1 Group","isPartOf":{"@id":"https:\/\/a1.com\/#website"},"datePublished":"2023-11-21T10:22:36+00:00","dateModified":"2023-11-22T10:24:59+00:00","breadcrumb":{"@id":"https:\/\/a1.com\/de\/anleitung-zum-loschen-ihres-a1-smart-home-accounts-in-der-app\/#breadcrumb"},"inLanguage":"de-DE","potentialAction":[{"@type":"ReadAction","target":["https:\/\/a1.com\/de\/anleitung-zum-loschen-ihres-a1-smart-home-accounts-in-der-app\/"]}]},{"@type":"BreadcrumbList","@id":"https:\/\/a1.com\/de\/anleitung-zum-loschen-ihres-a1-smart-home-accounts-in-der-app\/#breadcrumb","itemListElement":[{"@type":"ListItem","position":1,"name":"Home","item":"https:\/\/a1.com\/de\/"},{"@type":"ListItem","position":2,"name":"Anleitung zum L\u00f6schen Ihres A1 Smart Home Accounts in der App"}]},{"@type":"WebSite","@id":"https:\/\/a1.com\/#website","url":"https:\/\/a1.com\/","name":"A1 Group","description":"","potentialAction":[{"@type":"SearchAction","target":{"@type":"EntryPoint","urlTemplate":"https:\/\/a1.com\/?s={search_term_string}"},"query-input":{"@type":"PropertyValueSpecification","valueRequired":true,"valueName":"search_term_string"}}],"inLanguage":"de-DE"}]}},"_links":{"self":[{"href":"https:\/\/a1.com\/de\/wp-json\/wp\/v2\/pages\/12104","targetHints":{"allow":["GET"]}}],"collection":[{"href":"https:\/\/a1.com\/de\/wp-json\/wp\/v2\/pages"}],"about":[{"href":"https:\/\/a1.com\/de\/wp-json\/wp\/v2\/types\/page"}],"author":[{"embeddable":true,"href":"https:\/\/a1.com\/de\/wp-json\/wp\/v2\/users\/3"}],"replies":[{"embeddable":true,"href":"https:\/\/a1.com\/de\/wp-json\/wp\/v2\/comments?post=12104"}],"version-history":[{"count":2,"href":"https:\/\/a1.com\/de\/wp-json\/wp\/v2\/pages\/12104\/revisions"}],"predecessor-version":[{"id":12108,"href":"https:\/\/a1.com\/de\/wp-json\/wp\/v2\/pages\/12104\/revisions\/12108"}],"wp:attachment":[{"href":"https:\/\/a1.com\/de\/wp-json\/wp\/v2\/media?parent=12104"}],"wp:term":[{"taxonomy":"department","embeddable":true,"href":"https:\/\/a1.com\/de\/wp-json\/wp\/v2\/departments?post=12104"}],"curies":[{"name":"wp","href":"https:\/\/api.w.org\/{rel}","templated":true}]}}