{"id":11274,"date":"2023-09-21T10:47:03","date_gmt":"2023-09-21T08:47:03","guid":{"rendered":"https:\/\/a1.com\/?page_id=11274"},"modified":"2023-09-25T11:32:29","modified_gmt":"2023-09-25T09:32:29","slug":"a1-smart-home","status":"publish","type":"page","link":"https:\/\/a1.com\/de\/a1-smart-home\/","title":{"rendered":"A1 Smart Home"},"content":{"rendered":"<div\n\tclass=\"wrapper wrapper__bg-color--white wrapper__spacing-top-large--20 wrapper__spacing-bottom-large--40       wrapper__border-color-large--primary wrapper__border-size-large--none\"\n\t>\n\n\t\n\t\t\t<div class=\"wrapper__container wrapper__container-width-large--default wrapper__gutter-desktop--default wrapper__gutter-tablet--small\">\n\t\t\t<div class=\"wrapper__inner wrapper__width-large--12\">\n\t\t\t\t<div class='block-breadcrumbs'><a href='https:\/\/a1.com\/de\/' class='block-breadcrumbs__home' aria-label='Home link'><\/a><span><a class=\"block-breadcrumbs__link\" href=\" https:\/\/a1.com\/de\/ \">Home<\/a><\/span><\/div>\t\t\t<\/div>\n\t\t<\/div>\n\t<\/div>\n\n\n<div\n\tclass=\"wrapper wrapper__bg-color--white wrapper__spacing-top-large--60 wrapper__spacing-bottom-large--40       wrapper__border-color-large--primary wrapper__border-size-large--none\"\n\t>\n\n\t\n\t\t\t<div class=\"wrapper__container wrapper__container-width-large--default wrapper__gutter-desktop--default wrapper__gutter-tablet--small\">\n\t\t\t<div class=\"wrapper__inner wrapper__width-large--8 wrapper__offset-large--2\">\n\t\t\t\t<h2 class=\"heading heading__color--black heading__size--default heading__align--left heading__font-family--serif heading__font-weight--bold block-heading__heading\">\n\tA1 Smart Home<\/h2>\t\t\t<\/div>\n\t\t<\/div>\n\t<\/div>\n\n\n<div\n\tclass=\"wrapper wrapper__bg-color--white  wrapper__spacing-bottom-large--120       wrapper__border-color-large--primary wrapper__border-size-large--none\"\n\t>\n\n\t\n\t\t\t<div class=\"wrapper__container wrapper__container-width-large--default wrapper__gutter-desktop--default wrapper__gutter-tablet--small\">\n\t\t\t<div class=\"wrapper__inner wrapper__width-large--8 wrapper__offset-large--2\">\n\t\t\t\t<p class=\"paragraph paragraph__color--black paragraph__size--default paragraph__align--left paragraph__font-family--sans block-paragraph__paragraph\">\n\tSmart Home ist eine intelligente Haussteuerungsl\u00f6sung, die in verschiedenen M\u00e4rkten der A1 Telekom Austria Group angeboten wird. Die Version, die sie benutzen k\u00f6nnen, h\u00e4ngt von ihrem Vertrag mit ihrem lokalen Anbieter ab.<br><br><strong>A1 Smart Home in \u00d6sterreich<br><\/strong>\u2013\u00a0 <a href=\"https:\/\/www.a1.net\/digitale-produkte\/smart-home\" target=\"_blank\" rel=\"noreferrer noopener\">Homepage<\/a><br>\u2013\u00a0 <a href=\"https:\/\/a1.com\/de\/a1-smart-home-nutzungsbedingungen\/\">Nutzungsbedingungen<\/a><br>\u2013\u00a0 <a href=\"https:\/\/cdn12.a1.net\/m\/resources\/media\/pdf\/Informationspflichten-und-Zustimmungserklaerung-A1.pdf\">A1 Allgemeine Datenschutzerkl\u00e4rung<\/a> <br>\u2013\u00a0 <a href=\"https:\/\/a1.com\/de\/datenschutzerklarung-fur-a1-smart-home\/\">Datenschuzterkl\u00e4rung A1 Smart_Home App<\/a><br>\u2013\u00a0 <a href=\"https:\/\/www.a1.net\/kontakt\" target=\"_blank\" rel=\"noreferrer noopener\">Support &amp; Services<\/a><br><br><strong>A1 Smart Home wird in folgenden A1 M\u00e4rkten nicht mehr angeboten<\/strong><br><br>&#8211; Bulgarien <a href=\"https:\/\/www.a1.bg\/bg?home\">Homepage<\/a><br>&#8211; Kroatien <a href=\"https:\/\/www.a1.hr\/privatni\/akcije\">Homepage<\/a><br>&#8211; Republik Nordmazedonien <a href=\"https:\/\/www.a1.mk\/smart-home-old\">Homepage<\/a><br>&#8211; Slowenien <a href=\"https:\/\/www.a1.si\/smarthome\/\">Homepage<\/a><br><br><br><strong>A1 Smart Home Downloads<br><\/strong>Diese Dokumente wurde in erster Linie als verbindliche Erg\u00e4nzung zu den A1-Vergabeverfahren erstellt. Dennoch steht es jedem Branchenteilnehmer, der von diesen Dokumenten Kenntnis erlangt, frei, uns ein Angebot auf eigene Initiative hin zu unterbreiten oder von einem seiner Partner unterbreiten zu lassen<br><br><a href=\"https:\/\/a1.com\/wp-content\/uploads\/sites\/6\/2023\/09\/IoT-router-gateway-requirements-V1.11-October-2019-10-09.pdf\">IoT router gateway requirements &#8211; V1.11 &#8211; October 2019-10-09<\/a><\/p>\t\t\t<\/div>\n\t\t<\/div>\n\t<\/div>\n","protected":false},"excerpt":{"rendered":"","protected":false},"author":3,"featured_media":0,"parent":0,"menu_order":0,"comment_status":"closed","ping_status":"closed","template":"","meta":{"_acf_changed":false,"footnotes":""},"departments":[20],"class_list":["post-11274","page","type-page","status-publish","hentry","department-group"],"acf":[],"yoast_head":"<!-- This site is optimized with the Yoast SEO plugin v27.4 - https:\/\/yoast.com\/product\/yoast-seo-wordpress\/ -->\n<title>A1 Smart Home - A1 Group<\/title>\n<meta name=\"robots\" content=\"index, follow, max-snippet:-1, max-image-preview:large, max-video-preview:-1\" \/>\n<link rel=\"canonical\" href=\"https:\/\/a1.com\/de\/a1-smart-home\/\" \/>\n<meta property=\"og:locale\" content=\"de_DE\" \/>\n<meta property=\"og:type\" content=\"article\" \/>\n<meta property=\"og:title\" content=\"A1 Smart Home - A1 Group\" \/>\n<meta property=\"og:url\" content=\"https:\/\/a1.com\/de\/a1-smart-home\/\" \/>\n<meta property=\"og:site_name\" content=\"A1 Group\" \/>\n<meta property=\"article:modified_time\" content=\"2023-09-25T09:32:29+00:00\" \/>\n<meta name=\"twitter:card\" content=\"summary_large_image\" \/>\n<script type=\"application\/ld+json\" class=\"yoast-schema-graph\">{\"@context\":\"https:\\\/\\\/schema.org\",\"@graph\":[{\"@type\":\"WebPage\",\"@id\":\"https:\\\/\\\/a1.com\\\/de\\\/a1-smart-home\\\/\",\"url\":\"https:\\\/\\\/a1.com\\\/de\\\/a1-smart-home\\\/\",\"name\":\"A1 Smart Home - A1 Group\",\"isPartOf\":{\"@id\":\"https:\\\/\\\/a1.com\\\/#website\"},\"datePublished\":\"2023-09-21T08:47:03+00:00\",\"dateModified\":\"2023-09-25T09:32:29+00:00\",\"breadcrumb\":{\"@id\":\"https:\\\/\\\/a1.com\\\/de\\\/a1-smart-home\\\/#breadcrumb\"},\"inLanguage\":\"de-DE\",\"potentialAction\":[{\"@type\":\"ReadAction\",\"target\":[\"https:\\\/\\\/a1.com\\\/de\\\/a1-smart-home\\\/\"]}]},{\"@type\":\"BreadcrumbList\",\"@id\":\"https:\\\/\\\/a1.com\\\/de\\\/a1-smart-home\\\/#breadcrumb\",\"itemListElement\":[{\"@type\":\"ListItem\",\"position\":1,\"name\":\"Home\",\"item\":\"https:\\\/\\\/a1.com\\\/de\\\/\"},{\"@type\":\"ListItem\",\"position\":2,\"name\":\"A1 Smart Home\"}]},{\"@type\":\"WebSite\",\"@id\":\"https:\\\/\\\/a1.com\\\/#website\",\"url\":\"https:\\\/\\\/a1.com\\\/\",\"name\":\"A1 Group\",\"description\":\"\",\"potentialAction\":[{\"@type\":\"SearchAction\",\"target\":{\"@type\":\"EntryPoint\",\"urlTemplate\":\"https:\\\/\\\/a1.com\\\/?s={search_term_string}\"},\"query-input\":{\"@type\":\"PropertyValueSpecification\",\"valueRequired\":true,\"valueName\":\"search_term_string\"}}],\"inLanguage\":\"de-DE\"}]}<\/script>\n<!-- \/ Yoast SEO plugin. -->","yoast_head_json":{"title":"A1 Smart Home - A1 Group","robots":{"index":"index","follow":"follow","max-snippet":"max-snippet:-1","max-image-preview":"max-image-preview:large","max-video-preview":"max-video-preview:-1"},"canonical":"https:\/\/a1.com\/de\/a1-smart-home\/","og_locale":"de_DE","og_type":"article","og_title":"A1 Smart Home - A1 Group","og_url":"https:\/\/a1.com\/de\/a1-smart-home\/","og_site_name":"A1 Group","article_modified_time":"2023-09-25T09:32:29+00:00","twitter_card":"summary_large_image","schema":{"@context":"https:\/\/schema.org","@graph":[{"@type":"WebPage","@id":"https:\/\/a1.com\/de\/a1-smart-home\/","url":"https:\/\/a1.com\/de\/a1-smart-home\/","name":"A1 Smart Home - A1 Group","isPartOf":{"@id":"https:\/\/a1.com\/#website"},"datePublished":"2023-09-21T08:47:03+00:00","dateModified":"2023-09-25T09:32:29+00:00","breadcrumb":{"@id":"https:\/\/a1.com\/de\/a1-smart-home\/#breadcrumb"},"inLanguage":"de-DE","potentialAction":[{"@type":"ReadAction","target":["https:\/\/a1.com\/de\/a1-smart-home\/"]}]},{"@type":"BreadcrumbList","@id":"https:\/\/a1.com\/de\/a1-smart-home\/#breadcrumb","itemListElement":[{"@type":"ListItem","position":1,"name":"Home","item":"https:\/\/a1.com\/de\/"},{"@type":"ListItem","position":2,"name":"A1 Smart Home"}]},{"@type":"WebSite","@id":"https:\/\/a1.com\/#website","url":"https:\/\/a1.com\/","name":"A1 Group","description":"","potentialAction":[{"@type":"SearchAction","target":{"@type":"EntryPoint","urlTemplate":"https:\/\/a1.com\/?s={search_term_string}"},"query-input":{"@type":"PropertyValueSpecification","valueRequired":true,"valueName":"search_term_string"}}],"inLanguage":"de-DE"}]}},"_links":{"self":[{"href":"https:\/\/a1.com\/de\/wp-json\/wp\/v2\/pages\/11274","targetHints":{"allow":["GET"]}}],"collection":[{"href":"https:\/\/a1.com\/de\/wp-json\/wp\/v2\/pages"}],"about":[{"href":"https:\/\/a1.com\/de\/wp-json\/wp\/v2\/types\/page"}],"author":[{"embeddable":true,"href":"https:\/\/a1.com\/de\/wp-json\/wp\/v2\/users\/3"}],"replies":[{"embeddable":true,"href":"https:\/\/a1.com\/de\/wp-json\/wp\/v2\/comments?post=11274"}],"version-history":[{"count":7,"href":"https:\/\/a1.com\/de\/wp-json\/wp\/v2\/pages\/11274\/revisions"}],"predecessor-version":[{"id":11347,"href":"https:\/\/a1.com\/de\/wp-json\/wp\/v2\/pages\/11274\/revisions\/11347"}],"wp:attachment":[{"href":"https:\/\/a1.com\/de\/wp-json\/wp\/v2\/media?parent=11274"}],"wp:term":[{"taxonomy":"department","embeddable":true,"href":"https:\/\/a1.com\/de\/wp-json\/wp\/v2\/departments?post=11274"}],"curies":[{"name":"wp","href":"https:\/\/api.w.org\/{rel}","templated":true}]}}