{"id":10080,"date":"2023-09-05T09:08:40","date_gmt":"2023-09-05T07:08:40","guid":{"rendered":"https:\/\/a1.com\/?page_id=10080"},"modified":"2023-09-05T09:12:57","modified_gmt":"2023-09-05T07:12:57","slug":"ausblick","status":"publish","type":"page","link":"https:\/\/a1.com\/de\/investor-relations-home\/ausblick\/","title":{"rendered":"Ausblick"},"content":{"rendered":"<div\n\tclass=\"wrapper wrapper__bg-color--white wrapper__spacing-top-large--20 wrapper__spacing-bottom-large--90       wrapper__border-color-large--primary wrapper__border-size-large--none\"\n\t>\n\n\t\n\t\t\t<div class=\"wrapper__container wrapper__container-width-large--default wrapper__gutter-desktop--default wrapper__gutter-tablet--small\">\n\t\t\t<div class=\"wrapper__inner wrapper__width-large--12\">\n\t\t\t\t<div class='block-breadcrumbs'><a href='https:\/\/a1.com\/de\/' class='block-breadcrumbs__home' aria-label='Home link'><\/a><span><a class=\"block-breadcrumbs__link\" href=\" https:\/\/a1.com\/de\/ \">Home<\/a><\/span><\/div>\t\t\t<\/div>\n\t\t<\/div>\n\t<\/div>\n\n\n<div\n\tclass=\"wrapper wrapper__bg-color--white  wrapper__spacing-bottom-large--40       wrapper__border-color-large--primary wrapper__border-size-large--none\"\n\t>\n\n\t\n\t\t\t<div class=\"wrapper__container wrapper__container-width-large--default wrapper__gutter-desktop--default wrapper__gutter-tablet--small\">\n\t\t\t<div class=\"wrapper__inner wrapper__width-large--12\">\n\t\t\t\t<h2 class=\"heading heading__color--black heading__size--default heading__align--left heading__font-family--serif heading__font-weight--bold block-heading__heading\">\n\tAusblick auf das Gesch\u00e4ftsjahr 2023<\/h2>\t\t\t<\/div>\n\t\t<\/div>\n\t<\/div>\n\n\n<div\n\tclass=\"wrapper wrapper__bg-color--white  wrapper__spacing-bottom-large--40       wrapper__border-color-large--primary wrapper__border-size-large--none\"\n\t>\n\n\t\n\t\t\t<div class=\"wrapper__container wrapper__container-width-large--default wrapper__gutter-desktop--default wrapper__gutter-tablet--small\">\n\t\t\t<div class=\"wrapper__inner wrapper__width-large--9\">\n\t\t\t\t<p class=\"paragraph paragraph__color--black paragraph__size--default paragraph__align--left paragraph__font-family--sans block-paragraph__paragraph\">\n\tDie A1 Group erwartet f\u00fcr das Gesch\u00e4ftsjahr 2023 ein Umsatzwachstum von rund 4\u00a0%. Wesentliche Wachstumstreiber sind Preiserh\u00f6hungen aufgrund der gestiegenen Inflation, Upselling im Endkundengesch\u00e4ft sowie eine starke Entwicklung des Solutions- und Connectivity-Gesch\u00e4fts. Ein weiterer R\u00fcckgang im Sprachgesch\u00e4ft und im internationalen Vorleistungsgesch\u00e4ft (Wholesale) in \u00d6sterreich sowie geringere Interconnection-Ums\u00e4tze aufgrund regulatorisch bedingter Terminierungsentgeltk\u00fcrzungen werden sich d\u00e4mpfend auf das Wachstum auswirken. Auch bei den Roaming-Ums\u00e4tzen erwartet das Management eine deutlich geringere Wachstumsrate als im starken Gesch\u00e4ftsjahr 2022. W\u00e4hrend der belarussische Rubel im Jahr 2022 im Durchschnitt stieg und somit das Umsatzwachstum unterst\u00fctzte, wird angenommen, dass die W\u00e4hrung im Jahr 2023 gegen\u00fcber dem Euro an Wert verlieren wird.<br><br>Gleichzeitig wird prognostiziert, dass auf Konzernebene die Stromkosten deutlich ansteigen werden; das Management geht zudem von um rund 5\u00a0% h\u00f6heren Personalkosten aus. Um den Kostensteigerungen entgegenzuwirken, wird die A1 Group Effizienzprojekte und Transformationsinitiativen durchf\u00fchren.<br><br>Das Management rechnet mit Anlagenzug\u00e4ngen (CAPEX) exklusive Investitionen f\u00fcr Spektrum von rund EUR\u00a0950 Mio. Die A1 Group wird sich weiterhin f\u00fcr den Ausbau ihrer Glasfasernetze und ihrer 5G-Netze sowohl in \u00d6sterreich als auch international einsetzen. Hinsichtlich der Frequenzen werden Ausschreibungen in Kroatien (Erneuerung von Spektrum: 800 MHz, 900 MHz, 1,8 GHz, 2,1 GHz und 2,6 GHz), Bulgarien (700 MHz, 800 MHz) und Serbien (700 MHz, 3,6 GHz) erwartet. Diese Auflistung der Ausschreibungen erhebt weder einen Anspruch auf Vollst\u00e4ndigkeit, noch l\u00e4sst sie R\u00fcckschl\u00fcsse auf die konkrete Durchf\u00fchrung dieser Auktionen oder die Absicht von A1, an den angef\u00fchrten Ausschreibungen teilzunehmen, zu. Die A1 Group \u00e4u\u00dfert sich dazu nicht.<br><br>Der Vorstand plant, vorbehaltlich der Zustimmung des Aufsichtsrats, der Hauptversammlung eine Dividende von EUR\u00a00,32 je Aktie vorzuschlagen (2021: EUR\u00a00,28).<\/p>\t\t\t<\/div>\n\t\t<\/div>\n\t<\/div>\n\n\n<div\n\tclass=\"wrapper wrapper__bg-color--white  wrapper__spacing-bottom-large--40  wrapper__spacing-bottom-in-large--90     wrapper__border-color-large--primary wrapper__border-size-large--none\"\n\t>\n\n\t\n\t\t\t<div class=\"wrapper__container wrapper__container-width-large--default wrapper__gutter-desktop--default wrapper__gutter-tablet--small\">\n\t\t\t<div class=\"wrapper__inner wrapper__width-large--9\">\n\t\t\t\t<p class=\"paragraph paragraph__color--black paragraph__size--smaller-constant paragraph__align--left paragraph__font-family--sans block-paragraph__paragraph\">\n\t<strong><strong>Haftungshinweis f\u00fcr zukunftsbezogene Aussagen:<\/strong><\/strong>Dieser Bericht enth\u00e4lt zukunftsbezogene Aussagen. Diese zukunftsbezogenen Aussagen verwenden normalerweise Ausdr\u00fccke wie \u201eglaubt\u201c, \u201eist der Absicht\u201c, \u201enimmt an\u201c, \u201eplant\u201c, \u201eerwartet\u201c und \u00e4hnliche Formulierungen. Die tats\u00e4chlichen Ereignisse k\u00f6nnen aufgrund einer Reihe von Faktoren wesentlich von der erwarteten Entwicklung abweichen. Zukunftsbezogene Aussagen enthalten naturgem\u00e4\u00df Risiken und Unsicherheiten. Wir wollen darauf hinweisen, dass aufgrund einer Reihe von wichtigen Faktoren das tats\u00e4chliche Ergebnis wesentlich von den zukunftsbezogenen Aussagen abweichen kann. Weder die Telekom Austria noch eine andere Person \u00fcbernehmen eine Haftung f\u00fcr solche zukunftsbezogenen Aussagen. Telekom Austria wird diese zukunftsbezogenen Aussagen nicht aktualisieren, weder aufgrund ge\u00e4nderter tats\u00e4chlicher Umst\u00e4nde, ge\u00e4nderter Annahmen oder Erwartungen. Dieser Bericht stellt keine Empfehlung oder Einladung dar, Wertpapiere der Telekom Austria zu kaufen oder zu verkaufen.<\/p>\t\t\t<\/div>\n\t\t<\/div>\n\t<\/div>\n\n\n<div\n\tclass=\"wrapper wrapper__bg-color--white  wrapper__spacing-bottom-large--0       wrapper__border-color-large--primary wrapper__border-size-large--none\"\n\t>\n\n\t\n\t\t\t<div class=\"wrapper__container wrapper__container-width-large--default wrapper__gutter-desktop--default wrapper__gutter-tablet--small\">\n\t\t\t<div class=\"wrapper__inner wrapper__width-large--12 wrapper__offset-large--0\">\n\t\t\t\t\n<div class=\"block-group block-group__border-color-large--primary block-group__border-size-large--none block-group__gutter--none\">\n\t\n<div\n\tclass=\"wrapper wrapper__bg-color--white  wrapper__spacing-bottom-large--40    wrapper__divider-bottom-large   wrapper__border-color-large--primary wrapper__border-size-large--none\"\n\t>\n\n\t\n\t\t\t<h2 class=\"heading heading__color--black heading__size--default heading__align--left heading__font-family--serif heading__font-weight--bold block-heading__heading\">\n\t<br>Erfahren Sie mehr<\/h2>\t<\/div>\n\n\n<div\n\tclass=\"wrapper wrapper__bg-color--white  wrapper__spacing-bottom-large--0  wrapper__spacing-bottom-in-large--0     wrapper__border-color-large--primary wrapper__border-size-large--none\"\n\t>\n\n\t\n\t\t\t\n<div class=\"block-columns block-columns__gutter-large--10 block-columns__vertical-spacing-large--30\">\n\t\n\n<div class=\"block-column block-column__width-large--4 block-column__width-mobile--12     block-column__border-color-large--primary block-column__border-size-large--none block-column__no-left-gutter-large\">\n\t\n<div\n\tclass=\"wrapper wrapper__bg-color--white  wrapper__spacing-bottom-large--40       wrapper__border-color-large--primary wrapper__border-size-large--none\"\n\t>\n\n\t\n\t\t\t<div class=\"card-rounded card-rounded__color--concrete  block-card-rounded__card-rounded\">\n\t<div class=\"image-wrap card-rounded__image-wrap\" data-align=\"center center\">\n\n\t\t\t<div\n\t\t\tstyle=\"background-image:url(https:\/\/a1.com\/wp-content\/uploads\/sites\/6\/2023\/05\/1341348088-1.jpg)\"\n\t\t\tclass=\"image image--bg image__rounded-corners--none card-rounded__image\">\n\t\t<\/div>\n\t\n\t<\/div>\n\t<div class=\"card-rounded__content\">\n\t\t<h5 class=\"heading heading__color--black heading__size--small heading__align--left heading__font-family--sans heading__font-weight--regular card-rounded__heading\">\n\tCorporate Governance<\/h5><p class=\"paragraph paragraph__color--black paragraph__size--default paragraph__align--left paragraph__font-family--sans card-rounded__paragraph\">\n\tDie<strong>\u00a0Corporate Governance\u00a0<\/strong>stellt ein Regelwerk zur verantwortungsvollen F\u00fchrung und Kontrolle eines Unternehmens dar und ist damit gewisserma\u00dfen die \u201eUnternehmensverfassung\u201c.<br><a id=\"\" href=\"https:\/\/a1.com\/de\/investor-relations-home\/corporate-governance\/\"><\/a><\/p><div class=\"link-wrap link-wrap__align--left card-rounded__link-wrap\">\n\t\t\t<a\n\t\t\thref=\"https:\/\/a1.com\/de\/investor-relations-home\/corporate-governance\/\"\n\t\t\tclass=\"link link__color--primary link__size--default link__icon-position--right link__font-family--sans  card-rounded__link\"\n\t\t\tid=\"\"\n\t\t\ttitle=\"Corporate Governance\"\n\t\t\taria-label=\"\"\n\t\t\t\t\t>\n\t\t\t<i class=\"icon icon  icon__chevron-right link__icon\">\n\t<svg xmlns='http:\/\/www.w3.org\/2000\/svg' width='24' height='24' viewBox='0 0 24 24'><path d='m9.938 17.25-1.126-1.125 4.125-4.124-4.124-4.126L9.937 6.75l5.25 5.252-5.25 5.248Z' fill='currentColor' \/><\/svg><\/i>\t\t\t<span class=\"link__content\">Corporate Governance<\/span>\n\t\t<\/a>\n\t<\/div>\t<\/div>\n<\/div>\t<\/div>\n\n<\/div>\n\n\n\n<div class=\"block-column block-column__width-large--4 block-column__width-mobile--12     block-column__border-color-large--primary block-column__border-size-large--none block-column__no-left-gutter-large\">\n\t\n<div\n\tclass=\"wrapper wrapper__bg-color--white  wrapper__spacing-bottom-large--40       wrapper__border-color-large--primary wrapper__border-size-large--none\"\n\t>\n\n\t\n\t\t\t<div class=\"card-rounded card-rounded__color--concrete  block-card-rounded__card-rounded\">\n\t<div class=\"image-wrap card-rounded__image-wrap\" data-align=\"center center\">\n\n\t\t\t<div\n\t\t\tstyle=\"background-image:url(https:\/\/a1.com\/wp-content\/uploads\/sites\/6\/2023\/06\/discovermore-ir-ergebniscenter-1321402517-Kopie.jpg)\"\n\t\t\tclass=\"image image--bg image__rounded-corners--none card-rounded__image\">\n\t\t<\/div>\n\t\n\t<\/div>\n\t<div class=\"card-rounded__content\">\n\t\t<h5 class=\"heading heading__color--black heading__size--small heading__align--left heading__font-family--sans heading__font-weight--regular card-rounded__heading\">\n\tKapitalmarkt-Publikationen<\/h5><p class=\"paragraph paragraph__color--black paragraph__size--default paragraph__align--left paragraph__font-family--sans card-rounded__paragraph\">\n\tHier finden Sie \u00fcbersichtlich die wichtigsten Berichte und Materialien<br><a id=\"\" href=\"https:\/\/a1.com\/de\/investor-relations-home\/ergebnis-center\/\"><\/a><\/p><div class=\"link-wrap link-wrap__align--left card-rounded__link-wrap\">\n\t\t\t<a\n\t\t\thref=\"https:\/\/a1.com\/de\/investor-relations-home\/ergebnis-center\/\"\n\t\t\tclass=\"link link__color--primary link__size--default link__icon-position--right link__font-family--sans  card-rounded__link\"\n\t\t\tid=\"\"\n\t\t\ttitle=\"Ergebnis Center\"\n\t\t\taria-label=\"\"\n\t\t\t\t\t>\n\t\t\t<i class=\"icon icon  icon__chevron-right link__icon\">\n\t<svg xmlns='http:\/\/www.w3.org\/2000\/svg' width='24' height='24' viewBox='0 0 24 24'><path d='m9.938 17.25-1.126-1.125 4.125-4.124-4.124-4.126L9.937 6.75l5.25 5.252-5.25 5.248Z' fill='currentColor' \/><\/svg><\/i>\t\t\t<span class=\"link__content\">Ergebnis Center<\/span>\n\t\t<\/a>\n\t<\/div>\t<\/div>\n<\/div>\t<\/div>\n\n<\/div>\n\n\n\n<div class=\"block-column block-column__width-large--4 block-column__width-mobile--12     block-column__border-color-large--primary block-column__border-size-large--none block-column__no-left-gutter-large\">\n\t\n<div\n\tclass=\"wrapper wrapper__bg-color--white  wrapper__spacing-bottom-large--40       wrapper__border-color-large--primary wrapper__border-size-large--none\"\n\t>\n\n\t\n\t\t\t<div class=\"card-rounded card-rounded__color--concrete  block-card-rounded__card-rounded\">\n\t<div class=\"image-wrap card-rounded__image-wrap\" data-align=\"top center\">\n\n\t\t\t<div\n\t\t\tstyle=\"background-image:url(https:\/\/a1.com\/wp-content\/uploads\/sites\/6\/2023\/06\/Kontakt.jpg)\"\n\t\t\tclass=\"image image--bg image__rounded-corners--none card-rounded__image\">\n\t\t<\/div>\n\t\n\t<\/div>\n\t<div class=\"card-rounded__content\">\n\t\t<h5 class=\"heading heading__color--black heading__size--small heading__align--left heading__font-family--sans heading__font-weight--regular card-rounded__heading\">\n\tIR Kontakt<\/h5><p class=\"paragraph paragraph__color--black paragraph__size--default paragraph__align--left paragraph__font-family--sans card-rounded__paragraph\">\n\tUnser IR-Team steht Ihnen bei kapitalmarktrelevanten Fragen und Anliegen gerne zur Verf\u00fcgung.<br><a id=\"\" href=\"https:\/\/a1.com\/de\/tables-test\/service-und-kontakt\/\"><\/a><\/p><div class=\"link-wrap link-wrap__align--left card-rounded__link-wrap\">\n\t\t\t<a\n\t\t\thref=\"https:\/\/a1.com\/de\/investor-relations-home\/investor-relations-kontakt\/\"\n\t\t\tclass=\"link link__color--primary link__size--default link__icon-position--right link__font-family--sans  card-rounded__link\"\n\t\t\tid=\"\"\n\t\t\ttitle=\"Kontakt\"\n\t\t\taria-label=\"\"\n\t\t\t\t\t>\n\t\t\t<i class=\"icon icon  icon__chevron-right link__icon\">\n\t<svg xmlns='http:\/\/www.w3.org\/2000\/svg' width='24' height='24' viewBox='0 0 24 24'><path d='m9.938 17.25-1.126-1.125 4.125-4.124-4.124-4.126L9.937 6.75l5.25 5.252-5.25 5.248Z' fill='currentColor' \/><\/svg><\/i>\t\t\t<span class=\"link__content\">Kontakt<\/span>\n\t\t<\/a>\n\t<\/div>\t<\/div>\n<\/div>\t<\/div>\n\n<\/div>\n\n<\/div>\n\t<\/div>\n\n<\/div>\n\t\t\t<\/div>\n\t\t<\/div>\n\t<\/div>\n","protected":false},"excerpt":{"rendered":"","protected":false},"author":3,"featured_media":0,"parent":3859,"menu_order":0,"comment_status":"closed","ping_status":"closed","template":"","meta":{"_acf_changed":false,"footnotes":""},"departments":[18],"class_list":["post-10080","page","type-page","status-publish","hentry","department-investor-relations"],"acf":[],"yoast_head":"<!-- This site is optimized with the Yoast SEO plugin v27.4 - https:\/\/yoast.com\/product\/yoast-seo-wordpress\/ -->\n<title>Ausblick - A1 Group<\/title>\n<meta name=\"robots\" content=\"index, follow, max-snippet:-1, max-image-preview:large, max-video-preview:-1\" \/>\n<link rel=\"canonical\" href=\"https:\/\/a1.com\/de\/investor-relations-home\/ausblick\/\" \/>\n<meta property=\"og:locale\" content=\"de_DE\" \/>\n<meta property=\"og:type\" content=\"article\" \/>\n<meta property=\"og:title\" content=\"Ausblick - A1 Group\" \/>\n<meta property=\"og:url\" content=\"https:\/\/a1.com\/de\/investor-relations-home\/ausblick\/\" \/>\n<meta property=\"og:site_name\" content=\"A1 Group\" \/>\n<meta property=\"article:modified_time\" content=\"2023-09-05T07:12:57+00:00\" \/>\n<meta name=\"twitter:card\" content=\"summary_large_image\" \/>\n<script type=\"application\/ld+json\" class=\"yoast-schema-graph\">{\"@context\":\"https:\\\/\\\/schema.org\",\"@graph\":[{\"@type\":\"WebPage\",\"@id\":\"https:\\\/\\\/a1.com\\\/de\\\/investor-relations-home\\\/ausblick\\\/\",\"url\":\"https:\\\/\\\/a1.com\\\/de\\\/investor-relations-home\\\/ausblick\\\/\",\"name\":\"Ausblick - A1 Group\",\"isPartOf\":{\"@id\":\"https:\\\/\\\/a1.com\\\/#website\"},\"datePublished\":\"2023-09-05T07:08:40+00:00\",\"dateModified\":\"2023-09-05T07:12:57+00:00\",\"breadcrumb\":{\"@id\":\"https:\\\/\\\/a1.com\\\/de\\\/investor-relations-home\\\/ausblick\\\/#breadcrumb\"},\"inLanguage\":\"de-DE\",\"potentialAction\":[{\"@type\":\"ReadAction\",\"target\":[\"https:\\\/\\\/a1.com\\\/de\\\/investor-relations-home\\\/ausblick\\\/\"]}]},{\"@type\":\"BreadcrumbList\",\"@id\":\"https:\\\/\\\/a1.com\\\/de\\\/investor-relations-home\\\/ausblick\\\/#breadcrumb\",\"itemListElement\":[{\"@type\":\"ListItem\",\"position\":1,\"name\":\"Home\",\"item\":\"https:\\\/\\\/a1.com\\\/de\\\/\"},{\"@type\":\"ListItem\",\"position\":2,\"name\":\"Investor Relations\",\"item\":\"https:\\\/\\\/a1.com\\\/de\\\/investor-relations-home\\\/\"},{\"@type\":\"ListItem\",\"position\":3,\"name\":\"Ausblick\"}]},{\"@type\":\"WebSite\",\"@id\":\"https:\\\/\\\/a1.com\\\/#website\",\"url\":\"https:\\\/\\\/a1.com\\\/\",\"name\":\"A1 Group\",\"description\":\"\",\"potentialAction\":[{\"@type\":\"SearchAction\",\"target\":{\"@type\":\"EntryPoint\",\"urlTemplate\":\"https:\\\/\\\/a1.com\\\/?s={search_term_string}\"},\"query-input\":{\"@type\":\"PropertyValueSpecification\",\"valueRequired\":true,\"valueName\":\"search_term_string\"}}],\"inLanguage\":\"de-DE\"}]}<\/script>\n<!-- \/ Yoast SEO plugin. -->","yoast_head_json":{"title":"Ausblick - A1 Group","robots":{"index":"index","follow":"follow","max-snippet":"max-snippet:-1","max-image-preview":"max-image-preview:large","max-video-preview":"max-video-preview:-1"},"canonical":"https:\/\/a1.com\/de\/investor-relations-home\/ausblick\/","og_locale":"de_DE","og_type":"article","og_title":"Ausblick - A1 Group","og_url":"https:\/\/a1.com\/de\/investor-relations-home\/ausblick\/","og_site_name":"A1 Group","article_modified_time":"2023-09-05T07:12:57+00:00","twitter_card":"summary_large_image","schema":{"@context":"https:\/\/schema.org","@graph":[{"@type":"WebPage","@id":"https:\/\/a1.com\/de\/investor-relations-home\/ausblick\/","url":"https:\/\/a1.com\/de\/investor-relations-home\/ausblick\/","name":"Ausblick - A1 Group","isPartOf":{"@id":"https:\/\/a1.com\/#website"},"datePublished":"2023-09-05T07:08:40+00:00","dateModified":"2023-09-05T07:12:57+00:00","breadcrumb":{"@id":"https:\/\/a1.com\/de\/investor-relations-home\/ausblick\/#breadcrumb"},"inLanguage":"de-DE","potentialAction":[{"@type":"ReadAction","target":["https:\/\/a1.com\/de\/investor-relations-home\/ausblick\/"]}]},{"@type":"BreadcrumbList","@id":"https:\/\/a1.com\/de\/investor-relations-home\/ausblick\/#breadcrumb","itemListElement":[{"@type":"ListItem","position":1,"name":"Home","item":"https:\/\/a1.com\/de\/"},{"@type":"ListItem","position":2,"name":"Investor Relations","item":"https:\/\/a1.com\/de\/investor-relations-home\/"},{"@type":"ListItem","position":3,"name":"Ausblick"}]},{"@type":"WebSite","@id":"https:\/\/a1.com\/#website","url":"https:\/\/a1.com\/","name":"A1 Group","description":"","potentialAction":[{"@type":"SearchAction","target":{"@type":"EntryPoint","urlTemplate":"https:\/\/a1.com\/?s={search_term_string}"},"query-input":{"@type":"PropertyValueSpecification","valueRequired":true,"valueName":"search_term_string"}}],"inLanguage":"de-DE"}]}},"_links":{"self":[{"href":"https:\/\/a1.com\/de\/wp-json\/wp\/v2\/pages\/10080","targetHints":{"allow":["GET"]}}],"collection":[{"href":"https:\/\/a1.com\/de\/wp-json\/wp\/v2\/pages"}],"about":[{"href":"https:\/\/a1.com\/de\/wp-json\/wp\/v2\/types\/page"}],"author":[{"embeddable":true,"href":"https:\/\/a1.com\/de\/wp-json\/wp\/v2\/users\/3"}],"replies":[{"embeddable":true,"href":"https:\/\/a1.com\/de\/wp-json\/wp\/v2\/comments?post=10080"}],"version-history":[{"count":2,"href":"https:\/\/a1.com\/de\/wp-json\/wp\/v2\/pages\/10080\/revisions"}],"predecessor-version":[{"id":10085,"href":"https:\/\/a1.com\/de\/wp-json\/wp\/v2\/pages\/10080\/revisions\/10085"}],"up":[{"embeddable":true,"href":"https:\/\/a1.com\/de\/wp-json\/wp\/v2\/pages\/3859"}],"wp:attachment":[{"href":"https:\/\/a1.com\/de\/wp-json\/wp\/v2\/media?parent=10080"}],"wp:term":[{"taxonomy":"department","embeddable":true,"href":"https:\/\/a1.com\/de\/wp-json\/wp\/v2\/departments?post=10080"}],"curies":[{"name":"wp","href":"https:\/\/api.w.org\/{rel}","templated":true}]}}